{"id":52894,"date":"2025-01-12T10:31:23","date_gmt":"2025-01-12T10:31:23","guid":{"rendered":"https:\/\/murter.riot.hr\/?post_type=product&#038;p=52894"},"modified":"2025-05-01T19:02:07","modified_gmt":"2025-05-01T18:02:07","slug":"wohnung-murter-luke-beach-a4-id-269","status":"publish","type":"product","link":"https:\/\/murter-online.com\/de\/produkt\/wohnung-murter-luke-beach-a4-id-269\/","title":{"rendered":"Ferienwohnung f\u00fcr 4 personen am Strand von Luke Murter A4 ID 269"},"content":{"rendered":"","protected":false},"excerpt":{"rendered":"<div align=\"center\">\n<div class=\"max_width\" align=\"left\">\n<div>\n<div>Die Wohnung f\u00fcr 4 Personen befindet sich in ausgezeichneter Lage. Es liegt ganz in der N\u00e4he des \u00f6rtlichen Luke-Strandes, in der N\u00e4he eines Gesch\u00e4ftes, eines Caf\u00e9s und eines Kinderspielplatzes. Die Wohnung hat zwei Etagen, im ersten Stock gibt es eine K\u00fcche mit Wohnzimmer, einen Balkon und ein Badezimmer. Auf der zweiten Etage &#8211; gibt es zwei Schlafzimmer mit einem Doppelbett, jedes Zimmer hat einen Balkon. Es gibt eine Toilette zwischen den Zimmern. Der Balkon von einem Schlafzimmer hat Meerblick. Die K\u00fcche ist voll ausgestattet, statt Backofen hat die Wohnung einen Elektro-Ofen. Die Wohnung verf\u00fcgt \u00fcber Klimaanlage, Wi-Fi Internet. Die Wohnung verf\u00fcgt \u00fcber einen kostenlosen Parkplatz f\u00fcr ein Auto.<\/div>\n<\/div>\n<\/div>\n<\/div>\n<div align=\"center\"><\/div>\n","protected":false},"featured_media":46810,"template":"","meta":{"_acf_changed":false},"product_brand":[],"product_cat":[144,130,142],"product_tag":[],"class_list":{"0":"post-52894","1":"product","2":"type-product","3":"status-publish","4":"has-post-thumbnail","6":"product_cat-familien-ferienwohnung","7":"product_cat-ferienwohnungen","8":"product_cat-ferienwohnungen-mit-meerblick","10":"first","11":"instock","12":"sold-individually","13":"shipping-taxable","14":"purchasable","15":"product-type-phive_booking"},"acf":[],"_links":{"self":[{"href":"https:\/\/murter-online.com\/de\/wp-json\/wp\/v2\/product\/52894","targetHints":{"allow":["GET"]}}],"collection":[{"href":"https:\/\/murter-online.com\/de\/wp-json\/wp\/v2\/product"}],"about":[{"href":"https:\/\/murter-online.com\/de\/wp-json\/wp\/v2\/types\/product"}],"wp:featuredmedia":[{"embeddable":true,"href":"https:\/\/murter-online.com\/de\/wp-json\/wp\/v2\/media\/46810"}],"wp:attachment":[{"href":"https:\/\/murter-online.com\/de\/wp-json\/wp\/v2\/media?parent=52894"}],"wp:term":[{"taxonomy":"product_brand","embeddable":true,"href":"https:\/\/murter-online.com\/de\/wp-json\/wp\/v2\/product_brand?post=52894"},{"taxonomy":"product_cat","embeddable":true,"href":"https:\/\/murter-online.com\/de\/wp-json\/wp\/v2\/product_cat?post=52894"},{"taxonomy":"product_tag","embeddable":true,"href":"https:\/\/murter-online.com\/de\/wp-json\/wp\/v2\/product_tag?post=52894"}],"curies":[{"name":"wp","href":"https:\/\/api.w.org\/{rel}","templated":true}]}}