{"id":52899,"date":"2025-01-12T10:36:21","date_gmt":"2025-01-12T10:36:21","guid":{"rendered":"https:\/\/murter.riot.hr\/?post_type=product&#038;p=52899"},"modified":"2025-04-19T19:30:24","modified_gmt":"2025-04-19T18:30:24","slug":"wohnung-murter-neu-mit-bootsliegeplatz-a4-id-262","status":"publish","type":"product","link":"https:\/\/murter-online.com\/de\/produkt\/wohnung-murter-neu-mit-bootsliegeplatz-a4-id-262\/","title":{"rendered":"Ferienwohnung mit bootsliegeplatz Murter New A4 ID 262"},"content":{"rendered":"","protected":false},"excerpt":{"rendered":"<div align=\"center\">\n<div class=\"max_width\" align=\"left\">\n<div>\n<div>Neu renovierte Wohnung in toller Lage in Murter! Die Wohnung verf\u00fcgt \u00fcber zwei Schlafzimmer, in denen 4 Erwachsene schlafen k\u00f6nnen. Die K\u00fcche ist komplett ausgestattet. Die Wohnung befindet sich in der N\u00e4he des Meeres und hat die M\u00f6glichkeit, ein Boot festzumachen, was zus\u00e4tzlich berechnet wird. Die Wohnung ist mit TV, Klimaanlage, Wi-Fi Internet, Geschirrsp\u00fcler ausgestattet. Unter der Wohnung befindet sich in der Garage eine Waschmaschine, die kostenlos genutzt werden kann. Auf dem Parkplatz vor der Wohnung gibt es eine spezielle Einrichtung mit Grill, die kostenlos genutzt werden kann. Parkpl\u00e4tze befinden sich vor der Wohnung.<\/div>\n<\/div>\n<\/div>\n<\/div>\n<div align=\"center\">\n<div><\/div>\n<div><\/div>\n<\/div>\n","protected":false},"featured_media":46982,"template":"","meta":{"_acf_changed":false},"product_brand":[],"product_cat":[144,130,145],"product_tag":[],"class_list":{"0":"post-52899","1":"product","2":"type-product","3":"status-publish","4":"has-post-thumbnail","6":"product_cat-familien-ferienwohnung","7":"product_cat-ferienwohnungen","8":"product_cat-ferienwohnungen-mit-bootsliegeplatz","10":"first","11":"instock","12":"sold-individually","13":"shipping-taxable","14":"purchasable","15":"product-type-phive_booking"},"acf":[],"_links":{"self":[{"href":"https:\/\/murter-online.com\/de\/wp-json\/wp\/v2\/product\/52899","targetHints":{"allow":["GET"]}}],"collection":[{"href":"https:\/\/murter-online.com\/de\/wp-json\/wp\/v2\/product"}],"about":[{"href":"https:\/\/murter-online.com\/de\/wp-json\/wp\/v2\/types\/product"}],"wp:featuredmedia":[{"embeddable":true,"href":"https:\/\/murter-online.com\/de\/wp-json\/wp\/v2\/media\/46982"}],"wp:attachment":[{"href":"https:\/\/murter-online.com\/de\/wp-json\/wp\/v2\/media?parent=52899"}],"wp:term":[{"taxonomy":"product_brand","embeddable":true,"href":"https:\/\/murter-online.com\/de\/wp-json\/wp\/v2\/product_brand?post=52899"},{"taxonomy":"product_cat","embeddable":true,"href":"https:\/\/murter-online.com\/de\/wp-json\/wp\/v2\/product_cat?post=52899"},{"taxonomy":"product_tag","embeddable":true,"href":"https:\/\/murter-online.com\/de\/wp-json\/wp\/v2\/product_tag?post=52899"}],"curies":[{"name":"wp","href":"https:\/\/api.w.org\/{rel}","templated":true}]}}