{"id":52910,"date":"2025-01-12T10:45:50","date_gmt":"2025-01-12T10:45:50","guid":{"rendered":"https:\/\/murter.riot.hr\/?post_type=product&#038;p=52910"},"modified":"2025-04-14T10:45:09","modified_gmt":"2025-04-14T09:45:09","slug":"apartment-murter-podraduc-sunset-a21-id-37","status":"publish","type":"product","link":"https:\/\/murter-online.com\/de\/produkt\/apartment-murter-podraduc-sunset-a21-id-37\/","title":{"rendered":"Ferienwohnung Murter Meerblick Podradu\u010d Sonnenuntergang Murter A2+1 ID 37"},"content":{"rendered":"","protected":false},"excerpt":{"rendered":"<p>Sch\u00f6ne, neu renovierte Wohnung mit einem Schlafzimmer in toller Lage in Murter. Die Wohnung befindet sich in der Podradu\u010d-Stra\u00dfe, 80 m vom Meer und 150 m vom Sandstrand Slanica entfernt. Die Wohnung befindet sich im ersten Stock und verf\u00fcgt \u00fcber 1 Schlafzimmer, in dem 2 Erwachsene schlafen k\u00f6nnen. Im Wohnzimmer gibt es ein Zustellbett, das zum Schlafen genutzt werden kann. Das Apartment verf\u00fcgt \u00fcber eine Klimaanlage, kostenfreies WLAN, einen K\u00fchlschrank, einen Herd und einen Wasserkocher. Die K\u00fcche ist komplett ausgestattet. Die Terrasse bietet einen wundersch\u00f6nen Meerblick. Den G\u00e4sten der Apartments steht ein kostenloser Parkplatz zur Verf\u00fcgung. Auf der Terrasse befindet sich ein Grill, der kostenfrei genutzt werden kann.<\/p>\n","protected":false},"featured_media":47226,"template":"","meta":{"_acf_changed":false},"product_brand":[],"product_cat":[144,130,142],"product_tag":[],"class_list":{"0":"post-52910","1":"product","2":"type-product","3":"status-publish","4":"has-post-thumbnail","6":"product_cat-familien-ferienwohnung","7":"product_cat-ferienwohnungen","8":"product_cat-ferienwohnungen-mit-meerblick","10":"first","11":"instock","12":"sold-individually","13":"shipping-taxable","14":"purchasable","15":"product-type-phive_booking"},"acf":[],"_links":{"self":[{"href":"https:\/\/murter-online.com\/de\/wp-json\/wp\/v2\/product\/52910","targetHints":{"allow":["GET"]}}],"collection":[{"href":"https:\/\/murter-online.com\/de\/wp-json\/wp\/v2\/product"}],"about":[{"href":"https:\/\/murter-online.com\/de\/wp-json\/wp\/v2\/types\/product"}],"wp:featuredmedia":[{"embeddable":true,"href":"https:\/\/murter-online.com\/de\/wp-json\/wp\/v2\/media\/47226"}],"wp:attachment":[{"href":"https:\/\/murter-online.com\/de\/wp-json\/wp\/v2\/media?parent=52910"}],"wp:term":[{"taxonomy":"product_brand","embeddable":true,"href":"https:\/\/murter-online.com\/de\/wp-json\/wp\/v2\/product_brand?post=52910"},{"taxonomy":"product_cat","embeddable":true,"href":"https:\/\/murter-online.com\/de\/wp-json\/wp\/v2\/product_cat?post=52910"},{"taxonomy":"product_tag","embeddable":true,"href":"https:\/\/murter-online.com\/de\/wp-json\/wp\/v2\/product_tag?post=52910"}],"curies":[{"name":"wp","href":"https:\/\/api.w.org\/{rel}","templated":true}]}}