{"id":52915,"date":"2025-01-12T10:53:11","date_gmt":"2025-01-12T10:53:11","guid":{"rendered":"https:\/\/murter.riot.hr\/?post_type=product&#038;p=52915"},"modified":"2025-04-26T11:30:17","modified_gmt":"2025-04-26T10:30:17","slug":"wohnung-murter-podvrske-a41-id-282","status":"publish","type":"product","link":"https:\/\/murter-online.com\/de\/produkt\/wohnung-murter-podvrske-a41-id-282\/","title":{"rendered":"Ferienwohnung f\u00fcr familien Podvr\u0161ke Murter A4+1 ID 282"},"content":{"rendered":"","protected":false},"excerpt":{"rendered":"<p>Die Wohnung verf\u00fcgt \u00fcber zwei Schlafzimmer, in denen 4 Erwachsene schlafen k\u00f6nnen. Die Wohnung befindet sich in einer gro\u00dfartigen Lage, ganz in der N\u00e4he des Sandstrandes von Podvr\u0161ke und des \u00f6rtlichen Luke-Strands. Die Wohnung befindet sich im Erdgeschoss des Hauses. Im Wohnzimmer gibt es ein zus\u00e4tzliches Bett (Couch), das zum Schlafen genutzt werden kann. Vor der Wohnung befindet sich eine gro\u00dfe Terrasse mit Garten. Die Wohnung verf\u00fcgt \u00fcber eine Sp\u00fclmaschine, Klimaanlage, WLAN, die K\u00fcche ist komplett ausgestattet. Vor dem Haus befindet sich ein kostenloser Parkplatz.<\/p>\n","protected":false},"featured_media":47374,"template":"","meta":{"_acf_changed":false},"product_brand":[],"product_cat":[144,130],"product_tag":[],"class_list":{"0":"post-52915","1":"product","2":"type-product","3":"status-publish","4":"has-post-thumbnail","6":"product_cat-familien-ferienwohnung","7":"product_cat-ferienwohnungen","9":"first","10":"instock","11":"sold-individually","12":"shipping-taxable","13":"purchasable","14":"product-type-phive_booking"},"acf":[],"_links":{"self":[{"href":"https:\/\/murter-online.com\/de\/wp-json\/wp\/v2\/product\/52915","targetHints":{"allow":["GET"]}}],"collection":[{"href":"https:\/\/murter-online.com\/de\/wp-json\/wp\/v2\/product"}],"about":[{"href":"https:\/\/murter-online.com\/de\/wp-json\/wp\/v2\/types\/product"}],"wp:featuredmedia":[{"embeddable":true,"href":"https:\/\/murter-online.com\/de\/wp-json\/wp\/v2\/media\/47374"}],"wp:attachment":[{"href":"https:\/\/murter-online.com\/de\/wp-json\/wp\/v2\/media?parent=52915"}],"wp:term":[{"taxonomy":"product_brand","embeddable":true,"href":"https:\/\/murter-online.com\/de\/wp-json\/wp\/v2\/product_brand?post=52915"},{"taxonomy":"product_cat","embeddable":true,"href":"https:\/\/murter-online.com\/de\/wp-json\/wp\/v2\/product_cat?post=52915"},{"taxonomy":"product_tag","embeddable":true,"href":"https:\/\/murter-online.com\/de\/wp-json\/wp\/v2\/product_tag?post=52915"}],"curies":[{"name":"wp","href":"https:\/\/api.w.org\/{rel}","templated":true}]}}