{"id":52919,"date":"2025-01-12T10:56:02","date_gmt":"2025-01-12T10:56:02","guid":{"rendered":"https:\/\/murter.riot.hr\/?post_type=product&#038;p=52919"},"modified":"2025-04-26T11:39:45","modified_gmt":"2025-04-26T10:39:45","slug":"wohnung-murter-podvrske-a6-id-52","status":"publish","type":"product","link":"https:\/\/murter-online.com\/de\/produkt\/wohnung-murter-podvrske-a6-id-52\/","title":{"rendered":"Ferienwohnung f\u00fcr familien Murter Podvr\u0161ke A6 ID 52"},"content":{"rendered":"","protected":false},"excerpt":{"rendered":"<p>Apartment mit zwei Schlafzimmern in ausgezeichneter Lage in Murter! Nur 200 Meter vom \u00f6rtlichen Strand Lukas und 350 Meter vom Sandstrand Podvr\u0161ke entfernt. Die Wohnung hat zwei Schlafzimmer, wo 6 Erwachsene schlafen k\u00f6nnen. Die Wohnung verf\u00fcgt \u00fcber Klimaanlage, WLAN, Kaffeemaschine, K\u00fcche ist komplett ausgestattet. Die Wohnung befindet sich im Erdgeschoss. Vor der Wohnung befindet sich eine Terrasse mit Grill, die kostenlos genutzt werden kann.<\/p>\n","protected":false},"featured_media":47506,"template":"","meta":{"_acf_changed":false},"product_brand":[],"product_cat":[144,130],"product_tag":[],"class_list":{"0":"post-52919","1":"product","2":"type-product","3":"status-publish","4":"has-post-thumbnail","6":"product_cat-familien-ferienwohnung","7":"product_cat-ferienwohnungen","9":"first","10":"instock","11":"sold-individually","12":"shipping-taxable","13":"purchasable","14":"product-type-phive_booking"},"acf":[],"_links":{"self":[{"href":"https:\/\/murter-online.com\/de\/wp-json\/wp\/v2\/product\/52919","targetHints":{"allow":["GET"]}}],"collection":[{"href":"https:\/\/murter-online.com\/de\/wp-json\/wp\/v2\/product"}],"about":[{"href":"https:\/\/murter-online.com\/de\/wp-json\/wp\/v2\/types\/product"}],"wp:featuredmedia":[{"embeddable":true,"href":"https:\/\/murter-online.com\/de\/wp-json\/wp\/v2\/media\/47506"}],"wp:attachment":[{"href":"https:\/\/murter-online.com\/de\/wp-json\/wp\/v2\/media?parent=52919"}],"wp:term":[{"taxonomy":"product_brand","embeddable":true,"href":"https:\/\/murter-online.com\/de\/wp-json\/wp\/v2\/product_brand?post=52919"},{"taxonomy":"product_cat","embeddable":true,"href":"https:\/\/murter-online.com\/de\/wp-json\/wp\/v2\/product_cat?post=52919"},{"taxonomy":"product_tag","embeddable":true,"href":"https:\/\/murter-online.com\/de\/wp-json\/wp\/v2\/product_tag?post=52919"}],"curies":[{"name":"wp","href":"https:\/\/api.w.org\/{rel}","templated":true}]}}