{"id":52923,"date":"2025-01-12T10:59:14","date_gmt":"2025-01-12T10:59:14","guid":{"rendered":"https:\/\/murter.riot.hr\/?post_type=product&#038;p=52923"},"modified":"2025-04-14T14:03:02","modified_gmt":"2025-04-14T13:03:02","slug":"ferienwohnungen-murter-bay-goranka-41-id-03","status":"publish","type":"product","link":"https:\/\/murter-online.com\/de\/produkt\/ferienwohnungen-murter-bay-goranka-41-id-03\/","title":{"rendered":"Ferienwohnung Murter Meerblick 4+1 ID 03"},"content":{"rendered":"","protected":false},"excerpt":{"rendered":"<p>Lage der Zimmer: Schlafzimmer mit Doppelbett: 2,Badezimmer mit Dusche und WC: 1,Terrassengr\u00f6\u00dfe: 12m2 Ausstattung der Unterkunft: Klimaanlage,Satellitenfernseher,Nema perilice rublja, K\u00fchlschrank,Herd,Fernseher,Heizung,Kaffeemaschine,Mikrowelle,Geschirrsp\u00fcler,Internet,Grill, Positions und Au\u00dfenbereich der Unterkunft: Meerblick, Blick auf die stille Stra\u00dfe,Gemeinsamer Eingang,Ersten Stock, Weitere Informationen : Anreise ab: 14sati,Abreise bis: 10sati, Haustiere nicht erlaubt,Rauchen nicht erlaubt, Im Preis inbegriffen : Bettw\u00e4schenwechsel w\u00f6chentlich,Handt\u00fccher,Koch- und Essgeschirr,Strom-, Wasser- und Gasverbrauch,Putzmittel und Zubeh\u00f6r,Toilletenpapier (nur bei Ankunft),Endreinigung<\/p>\n","protected":false},"featured_media":47594,"template":"","meta":{"_acf_changed":false},"product_brand":[],"product_cat":[144,130,142],"product_tag":[],"class_list":{"0":"post-52923","1":"product","2":"type-product","3":"status-publish","4":"has-post-thumbnail","6":"product_cat-familien-ferienwohnung","7":"product_cat-ferienwohnungen","8":"product_cat-ferienwohnungen-mit-meerblick","10":"first","11":"instock","12":"sold-individually","13":"shipping-taxable","14":"purchasable","15":"product-type-phive_booking"},"acf":[],"_links":{"self":[{"href":"https:\/\/murter-online.com\/de\/wp-json\/wp\/v2\/product\/52923","targetHints":{"allow":["GET"]}}],"collection":[{"href":"https:\/\/murter-online.com\/de\/wp-json\/wp\/v2\/product"}],"about":[{"href":"https:\/\/murter-online.com\/de\/wp-json\/wp\/v2\/types\/product"}],"wp:featuredmedia":[{"embeddable":true,"href":"https:\/\/murter-online.com\/de\/wp-json\/wp\/v2\/media\/47594"}],"wp:attachment":[{"href":"https:\/\/murter-online.com\/de\/wp-json\/wp\/v2\/media?parent=52923"}],"wp:term":[{"taxonomy":"product_brand","embeddable":true,"href":"https:\/\/murter-online.com\/de\/wp-json\/wp\/v2\/product_brand?post=52923"},{"taxonomy":"product_cat","embeddable":true,"href":"https:\/\/murter-online.com\/de\/wp-json\/wp\/v2\/product_cat?post=52923"},{"taxonomy":"product_tag","embeddable":true,"href":"https:\/\/murter-online.com\/de\/wp-json\/wp\/v2\/product_tag?post=52923"}],"curies":[{"name":"wp","href":"https:\/\/api.w.org\/{rel}","templated":true}]}}