{"id":52927,"date":"2025-01-12T11:02:27","date_gmt":"2025-01-12T11:02:27","guid":{"rendered":"https:\/\/murter.riot.hr\/?post_type=product&#038;p=52927"},"modified":"2025-04-26T12:06:27","modified_gmt":"2025-04-26T11:06:27","slug":"wohnung-murter-sommer-fantasy-a42-id-85","status":"publish","type":"product","link":"https:\/\/murter-online.com\/de\/produkt\/wohnung-murter-sommer-fantasy-a42-id-85\/","title":{"rendered":"Ferienwohnung f\u00fcr familien Sommer Fantasy Murter A4+2 ID 85"},"content":{"rendered":"","protected":false},"excerpt":{"rendered":"<p>Die Wohnung befindet sich in einer ausgezeichneten Lage, nur 300 Meter vom Meer entfernt. Die Wohnung hat eine Fl\u00e4che von 55 m2. Es verf\u00fcgt \u00fcber zwei Schlafzimmer f\u00fcr 4 Erwachsene. Es hat ein Wohnzimmer. Es hat ein Badezimmer mit Dusche. Balkon \/ Terrasse ist 50 m2. Die Wohnung befindet sich im Erdgeschoss. Die Wohnung ist mit TV, Klimaanlage, Backofen und kostenfreiem WLAN ausgestattet. Das Parken ist vorhanden und im Preis inbegriffen. Es gibt einen Au\u00dfengrill, der benutzt werden kann. Die Wohnung ist ca. 300 m vom Zentrum und 300 m vom Meer oder dem ersten Strand in Murter entfernt. Haustiere sind gegen Aufpreis erlaubt.<\/p>\n","protected":false},"featured_media":47682,"template":"","meta":{"_acf_changed":false},"product_brand":[],"product_cat":[144,130],"product_tag":[],"class_list":{"0":"post-52927","1":"product","2":"type-product","3":"status-publish","4":"has-post-thumbnail","6":"product_cat-familien-ferienwohnung","7":"product_cat-ferienwohnungen","9":"first","10":"instock","11":"sold-individually","12":"shipping-taxable","13":"purchasable","14":"product-type-phive_booking"},"acf":[],"_links":{"self":[{"href":"https:\/\/murter-online.com\/de\/wp-json\/wp\/v2\/product\/52927","targetHints":{"allow":["GET"]}}],"collection":[{"href":"https:\/\/murter-online.com\/de\/wp-json\/wp\/v2\/product"}],"about":[{"href":"https:\/\/murter-online.com\/de\/wp-json\/wp\/v2\/types\/product"}],"wp:featuredmedia":[{"embeddable":true,"href":"https:\/\/murter-online.com\/de\/wp-json\/wp\/v2\/media\/47682"}],"wp:attachment":[{"href":"https:\/\/murter-online.com\/de\/wp-json\/wp\/v2\/media?parent=52927"}],"wp:term":[{"taxonomy":"product_brand","embeddable":true,"href":"https:\/\/murter-online.com\/de\/wp-json\/wp\/v2\/product_brand?post=52927"},{"taxonomy":"product_cat","embeddable":true,"href":"https:\/\/murter-online.com\/de\/wp-json\/wp\/v2\/product_cat?post=52927"},{"taxonomy":"product_tag","embeddable":true,"href":"https:\/\/murter-online.com\/de\/wp-json\/wp\/v2\/product_tag?post=52927"}],"curies":[{"name":"wp","href":"https:\/\/api.w.org\/{rel}","templated":true}]}}