{"id":52942,"date":"2025-01-12T11:08:27","date_gmt":"2025-01-12T11:08:27","guid":{"rendered":"https:\/\/murter.riot.hr\/?post_type=product&#038;p=52942"},"modified":"2025-04-18T08:34:29","modified_gmt":"2025-04-18T07:34:29","slug":"ferienwohnungen-murter-vlake-slanica-a41-id-23","status":"publish","type":"product","link":"https:\/\/murter-online.com\/de\/produkt\/ferienwohnungen-murter-vlake-slanica-a41-id-23\/","title":{"rendered":"Ferienwohnung Murter Meerblick Vlake Slanica A4+1 ID 23"},"content":{"rendered":"","protected":false},"excerpt":{"rendered":"<p>Ferienwohnung Murter Vlake A4+1 mit ein sch\u00f6nen Meerblick befindet sich in ausgezeichnete Lage, nur 300m. vom Meer entfernt. Die Ferienwohnung hat eine Fl\u00e4che von 75 m2. Diese Ferienwohnung verf\u00fcgt \u00fcber zwei Schlafzimmern wo 5 Erwachsene schlafen k\u00f6nnen. Es gibt ein Zustellbett f\u00fcr eine Person. Es gibt einen kostenlosen Parkplatz. Es gibt eine Badezimmer mit Dusche . Die Ferienwohnung Zur Verf\u00fcgung steht auch ein Grillplatz. ist ausgestattet mit Fernseher, Satellitenanschluss, Backofen. Balkon\/Terrasse ist 12 m2 gro\u00df. , hat ein Wohnzimmer. Liegt im zweiten Stock. Haustiere &#8211; nicht gestattet. Die FeWo ist 1000m. weit vom Zentrum und ca. 300m. weit vom Meer oder dem ersten Strand in Murter<\/p>\n","protected":false},"featured_media":47830,"template":"","meta":{"_acf_changed":false},"product_brand":[],"product_cat":[144,130,142],"product_tag":[],"class_list":{"0":"post-52942","1":"product","2":"type-product","3":"status-publish","4":"has-post-thumbnail","6":"product_cat-familien-ferienwohnung","7":"product_cat-ferienwohnungen","8":"product_cat-ferienwohnungen-mit-meerblick","10":"first","11":"instock","12":"sold-individually","13":"shipping-taxable","14":"purchasable","15":"product-type-phive_booking"},"acf":[],"_links":{"self":[{"href":"https:\/\/murter-online.com\/de\/wp-json\/wp\/v2\/product\/52942","targetHints":{"allow":["GET"]}}],"collection":[{"href":"https:\/\/murter-online.com\/de\/wp-json\/wp\/v2\/product"}],"about":[{"href":"https:\/\/murter-online.com\/de\/wp-json\/wp\/v2\/types\/product"}],"wp:featuredmedia":[{"embeddable":true,"href":"https:\/\/murter-online.com\/de\/wp-json\/wp\/v2\/media\/47830"}],"wp:attachment":[{"href":"https:\/\/murter-online.com\/de\/wp-json\/wp\/v2\/media?parent=52942"}],"wp:term":[{"taxonomy":"product_brand","embeddable":true,"href":"https:\/\/murter-online.com\/de\/wp-json\/wp\/v2\/product_brand?post=52942"},{"taxonomy":"product_cat","embeddable":true,"href":"https:\/\/murter-online.com\/de\/wp-json\/wp\/v2\/product_cat?post=52942"},{"taxonomy":"product_tag","embeddable":true,"href":"https:\/\/murter-online.com\/de\/wp-json\/wp\/v2\/product_tag?post=52942"}],"curies":[{"name":"wp","href":"https:\/\/api.w.org\/{rel}","templated":true}]}}