{"id":52947,"date":"2025-01-12T11:11:48","date_gmt":"2025-01-12T11:11:48","guid":{"rendered":"https:\/\/murter.riot.hr\/?post_type=product&#038;p=52947"},"modified":"2025-04-19T18:34:40","modified_gmt":"2025-04-19T17:34:40","slug":"ferienwohnung-murter-mit-pool-kosirina-a4-id-45","status":"publish","type":"product","link":"https:\/\/murter-online.com\/de\/produkt\/ferienwohnung-murter-mit-pool-kosirina-a4-id-45\/","title":{"rendered":"Ferienwohnung Murter mit Pool Kosirina A4 ID 45"},"content":{"rendered":"","protected":false},"excerpt":{"rendered":"<p>Das Apartment Kosirina befindet sich im ersten Stock und besteht aus zwei Schlafzimmern, einer modernen K\u00fcche und einem sch\u00f6nen Wohnzimmer, alle in einem Gr\u00fcnton mit wundersch\u00f6nem Meerblick. Die Wohnung ist mit Klimaanlage, kostenfreiem WLAN und Sat-TV ausgestattet Bettw\u00e4sche, Handt\u00fccher und Endreinigung sind im Preis inbegriffen.<\/p>\n","protected":false},"featured_media":47914,"template":"","meta":{"_acf_changed":false},"product_brand":[],"product_cat":[143],"product_tag":[],"class_list":{"0":"post-52947","1":"product","2":"type-product","3":"status-publish","4":"has-post-thumbnail","6":"product_cat-ferienwohnungen-mit-pool","8":"first","9":"instock","10":"sold-individually","11":"shipping-taxable","12":"purchasable","13":"product-type-phive_booking"},"acf":[],"_links":{"self":[{"href":"https:\/\/murter-online.com\/de\/wp-json\/wp\/v2\/product\/52947","targetHints":{"allow":["GET"]}}],"collection":[{"href":"https:\/\/murter-online.com\/de\/wp-json\/wp\/v2\/product"}],"about":[{"href":"https:\/\/murter-online.com\/de\/wp-json\/wp\/v2\/types\/product"}],"wp:featuredmedia":[{"embeddable":true,"href":"https:\/\/murter-online.com\/de\/wp-json\/wp\/v2\/media\/47914"}],"wp:attachment":[{"href":"https:\/\/murter-online.com\/de\/wp-json\/wp\/v2\/media?parent=52947"}],"wp:term":[{"taxonomy":"product_brand","embeddable":true,"href":"https:\/\/murter-online.com\/de\/wp-json\/wp\/v2\/product_brand?post=52947"},{"taxonomy":"product_cat","embeddable":true,"href":"https:\/\/murter-online.com\/de\/wp-json\/wp\/v2\/product_cat?post=52947"},{"taxonomy":"product_tag","embeddable":true,"href":"https:\/\/murter-online.com\/de\/wp-json\/wp\/v2\/product_tag?post=52947"}],"curies":[{"name":"wp","href":"https:\/\/api.w.org\/{rel}","templated":true}]}}