{"id":52952,"date":"2025-01-12T11:13:32","date_gmt":"2025-01-12T11:13:32","guid":{"rendered":"https:\/\/murter.riot.hr\/?post_type=product&#038;p=52952"},"modified":"2025-04-19T18:40:10","modified_gmt":"2025-04-19T17:40:10","slug":"ferienwohnung-murter-mit-pool-luke-a4-id-49","status":"publish","type":"product","link":"https:\/\/murter-online.com\/de\/produkt\/ferienwohnung-murter-mit-pool-luke-a4-id-49\/","title":{"rendered":"Ferienwohnung Murter mit Pool Luke A4 ID 49"},"content":{"rendered":"","protected":false},"excerpt":{"rendered":"<p>Das Apartment Luke befindet sich im ersten Stock und verf\u00fcgt \u00fcber zwei Schlafzimmer, eine moderne K\u00fcche und ein Wohnzimmer. Vom Balkon aus haben Sie einen Blick auf das Meer und den Pool des Hauses, umgeben von Zitrusfr\u00fcchten und mediterranen Pflanzen. Wohnung mit zwei Schlafzimmern. Bequem f\u00fcr 4 Personen. Panoramablick, 55 m2. Die Wohnung ist mit Klimaanlage, kostenfreiem WLAN und Sat-TV ausgestattet Bettw\u00e4sche, Handt\u00fccher und Endreinigung sind im Preis inbegriffen.<\/p>\n","protected":false},"featured_media":47962,"template":"","meta":{"_acf_changed":false},"product_brand":[],"product_cat":[143],"product_tag":[],"class_list":{"0":"post-52952","1":"product","2":"type-product","3":"status-publish","4":"has-post-thumbnail","6":"product_cat-ferienwohnungen-mit-pool","8":"first","9":"instock","10":"sold-individually","11":"shipping-taxable","12":"purchasable","13":"product-type-phive_booking"},"acf":[],"_links":{"self":[{"href":"https:\/\/murter-online.com\/de\/wp-json\/wp\/v2\/product\/52952","targetHints":{"allow":["GET"]}}],"collection":[{"href":"https:\/\/murter-online.com\/de\/wp-json\/wp\/v2\/product"}],"about":[{"href":"https:\/\/murter-online.com\/de\/wp-json\/wp\/v2\/types\/product"}],"wp:featuredmedia":[{"embeddable":true,"href":"https:\/\/murter-online.com\/de\/wp-json\/wp\/v2\/media\/47962"}],"wp:attachment":[{"href":"https:\/\/murter-online.com\/de\/wp-json\/wp\/v2\/media?parent=52952"}],"wp:term":[{"taxonomy":"product_brand","embeddable":true,"href":"https:\/\/murter-online.com\/de\/wp-json\/wp\/v2\/product_brand?post=52952"},{"taxonomy":"product_cat","embeddable":true,"href":"https:\/\/murter-online.com\/de\/wp-json\/wp\/v2\/product_cat?post=52952"},{"taxonomy":"product_tag","embeddable":true,"href":"https:\/\/murter-online.com\/de\/wp-json\/wp\/v2\/product_tag?post=52952"}],"curies":[{"name":"wp","href":"https:\/\/api.w.org\/{rel}","templated":true}]}}