{"id":52961,"date":"2025-01-12T11:18:05","date_gmt":"2025-01-12T11:18:05","guid":{"rendered":"https:\/\/murter.riot.hr\/?post_type=product&#038;p=52961"},"modified":"2025-04-16T20:38:52","modified_gmt":"2025-04-16T19:38:52","slug":"apartment-murter-mit-bootsliegeplatz-6-a4-1-id-41","status":"publish","type":"product","link":"https:\/\/murter-online.com\/de\/produkt\/apartment-murter-mit-bootsliegeplatz-6-a4-1-id-41\/","title":{"rendered":"Ferienwohnung mit bootsliegeplatz Murter 6 A4 + 1 ID 41"},"content":{"rendered":"","protected":false},"excerpt":{"rendered":"<p>Raumgestaltung: K\u00fcche Wohnzimmer ,, Anzahl der Zustellbetten im Wohnzimmer: 1, Anzahl der Schlafzimmer mit Doppelbett: 1, Anzahl der Schlafzimmer mit zwei Einzelbetten :: 1, Anzahl der Badezimmer mit Dusche und WC: 1, Terrassengr\u00f6\u00dfe: 8 m2 Ausstattung der Unterkunftseinheiten: Klimaanlage, Sat-TV, keine Waschmaschine, K\u00fchlschrank, Herd, TV, Heizung, Internet, Grill, Position und \u00c4u\u00dferes der Wohneinheit: Seeblick, Gemeinsamer Eingang, 2. Stock Zus\u00e4tzliche Information: Check-in ab: 14h, Check-out bis: 10h, Haustiere nicht erlaubt, Rauchen erlaubt, Im Preis inbegriffen: W\u00f6chentlicher W\u00e4schewechsel, Handt\u00fccher, Koch- und Essgeschirr, Strom-, Wasser- und Gasverbrauch, Reinigungsutensilien, Toilettenpapier (bei Ankunft), Endreinigung,<\/p>\n","protected":false},"featured_media":48054,"template":"","meta":{"_acf_changed":false},"product_brand":[],"product_cat":[144,130,145,142],"product_tag":[],"class_list":{"0":"post-52961","1":"product","2":"type-product","3":"status-publish","4":"has-post-thumbnail","6":"product_cat-familien-ferienwohnung","7":"product_cat-ferienwohnungen","8":"product_cat-ferienwohnungen-mit-bootsliegeplatz","9":"product_cat-ferienwohnungen-mit-meerblick","11":"first","12":"instock","13":"sold-individually","14":"shipping-taxable","15":"purchasable","16":"product-type-phive_booking"},"acf":[],"_links":{"self":[{"href":"https:\/\/murter-online.com\/de\/wp-json\/wp\/v2\/product\/52961","targetHints":{"allow":["GET"]}}],"collection":[{"href":"https:\/\/murter-online.com\/de\/wp-json\/wp\/v2\/product"}],"about":[{"href":"https:\/\/murter-online.com\/de\/wp-json\/wp\/v2\/types\/product"}],"wp:featuredmedia":[{"embeddable":true,"href":"https:\/\/murter-online.com\/de\/wp-json\/wp\/v2\/media\/48054"}],"wp:attachment":[{"href":"https:\/\/murter-online.com\/de\/wp-json\/wp\/v2\/media?parent=52961"}],"wp:term":[{"taxonomy":"product_brand","embeddable":true,"href":"https:\/\/murter-online.com\/de\/wp-json\/wp\/v2\/product_brand?post=52961"},{"taxonomy":"product_cat","embeddable":true,"href":"https:\/\/murter-online.com\/de\/wp-json\/wp\/v2\/product_cat?post=52961"},{"taxonomy":"product_tag","embeddable":true,"href":"https:\/\/murter-online.com\/de\/wp-json\/wp\/v2\/product_tag?post=52961"}],"curies":[{"name":"wp","href":"https:\/\/api.w.org\/{rel}","templated":true}]}}