{"id":52965,"date":"2025-01-12T11:26:19","date_gmt":"2025-01-12T11:26:19","guid":{"rendered":"https:\/\/murter.riot.hr\/?post_type=product&#038;p=52965"},"modified":"2025-04-19T18:30:06","modified_gmt":"2025-04-19T17:30:06","slug":"ferienwohnung-murter-mit-pool-cigrada-a4-id-44","status":"publish","type":"product","link":"https:\/\/murter-online.com\/de\/produkt\/ferienwohnung-murter-mit-pool-cigrada-a4-id-44\/","title":{"rendered":"Ferienwohnung Murter mit Pool \u010cigra\u0111a A4 ID 44"},"content":{"rendered":"","protected":false},"excerpt":{"rendered":"<p>Das Apartment \u010cigra\u0111a befindet sich im ersten Stock und besteht aus zwei Schlafzimmern, einer modernen K\u00fcche mit Essbereich und Bad. Auf dem angenehm ger\u00e4umigen Balkon genie\u00dfen Sie die sch\u00f6ne Aussicht, erleben einen unvergesslichen Sonnenuntergang oder die Geburt eines neuen Tages. Die Wohnung ist mit Klimaanlage, Sat-TV und kostenfreiem WLAN ausgestattet Bettw\u00e4sche, Handt\u00fccher und Endreinigung sind im Preis inbegriffen.<\/p>\n","protected":false},"featured_media":48102,"template":"","meta":{"_acf_changed":false},"product_brand":[],"product_cat":[143],"product_tag":[],"class_list":{"0":"post-52965","1":"product","2":"type-product","3":"status-publish","4":"has-post-thumbnail","6":"product_cat-ferienwohnungen-mit-pool","8":"first","9":"instock","10":"sold-individually","11":"shipping-taxable","12":"purchasable","13":"product-type-phive_booking"},"acf":[],"_links":{"self":[{"href":"https:\/\/murter-online.com\/de\/wp-json\/wp\/v2\/product\/52965","targetHints":{"allow":["GET"]}}],"collection":[{"href":"https:\/\/murter-online.com\/de\/wp-json\/wp\/v2\/product"}],"about":[{"href":"https:\/\/murter-online.com\/de\/wp-json\/wp\/v2\/types\/product"}],"wp:featuredmedia":[{"embeddable":true,"href":"https:\/\/murter-online.com\/de\/wp-json\/wp\/v2\/media\/48102"}],"wp:attachment":[{"href":"https:\/\/murter-online.com\/de\/wp-json\/wp\/v2\/media?parent=52965"}],"wp:term":[{"taxonomy":"product_brand","embeddable":true,"href":"https:\/\/murter-online.com\/de\/wp-json\/wp\/v2\/product_brand?post=52965"},{"taxonomy":"product_cat","embeddable":true,"href":"https:\/\/murter-online.com\/de\/wp-json\/wp\/v2\/product_cat?post=52965"},{"taxonomy":"product_tag","embeddable":true,"href":"https:\/\/murter-online.com\/de\/wp-json\/wp\/v2\/product_tag?post=52965"}],"curies":[{"name":"wp","href":"https:\/\/api.w.org\/{rel}","templated":true}]}}