{"id":52969,"date":"2025-01-12T11:28:51","date_gmt":"2025-01-12T11:28:51","guid":{"rendered":"https:\/\/murter.riot.hr\/?post_type=product&#038;p=52969"},"modified":"2025-01-31T10:51:27","modified_gmt":"2025-01-31T10:51:27","slug":"ferienwohnungen-murter-mit-pool-pod-jasenovac-a4-id-46","status":"publish","type":"product","link":"https:\/\/murter-online.com\/de\/produkt\/ferienwohnungen-murter-mit-pool-pod-jasenovac-a4-id-46\/","title":{"rendered":"Ferienwohnungen Murter mit Pool Pod Jasenovac A4 ID 46"},"content":{"rendered":"","protected":false},"excerpt":{"rendered":"<div align=\"center\">\n<div class=\"max_width\" align=\"left\">\n<div>\n<div>Das Apartment Pod Jasenovac befindet sich im zweiten Stock und verf\u00fcgt \u00fcber zwei Schlafzimmer, eine moderne K\u00fcche und ein sch\u00f6nes Wohnzimmer in Blaut\u00f6nen mit einem Balkon und Blick auf das blaue Meer. Die Wohnung ist mit Klimaanlage, kostenfreiem WLAN und Sat-TV ausgestattet Bettw\u00e4sche, Handt\u00fccher und Endreinigung sind im Preis inbegriffen.<\/div>\n<\/div>\n<\/div>\n<\/div>\n<div align=\"center\"><\/div>\n","protected":false},"featured_media":48150,"template":"","meta":{"_acf_changed":false},"product_brand":[],"product_cat":[143],"product_tag":[],"class_list":{"0":"post-52969","1":"product","2":"type-product","3":"status-publish","4":"has-post-thumbnail","6":"product_cat-ferienwohnungen-mit-pool","8":"first","9":"instock","10":"sold-individually","11":"shipping-taxable","12":"purchasable","13":"product-type-phive_booking"},"acf":[],"_links":{"self":[{"href":"https:\/\/murter-online.com\/de\/wp-json\/wp\/v2\/product\/52969","targetHints":{"allow":["GET"]}}],"collection":[{"href":"https:\/\/murter-online.com\/de\/wp-json\/wp\/v2\/product"}],"about":[{"href":"https:\/\/murter-online.com\/de\/wp-json\/wp\/v2\/types\/product"}],"wp:featuredmedia":[{"embeddable":true,"href":"https:\/\/murter-online.com\/de\/wp-json\/wp\/v2\/media\/48150"}],"wp:attachment":[{"href":"https:\/\/murter-online.com\/de\/wp-json\/wp\/v2\/media?parent=52969"}],"wp:term":[{"taxonomy":"product_brand","embeddable":true,"href":"https:\/\/murter-online.com\/de\/wp-json\/wp\/v2\/product_brand?post=52969"},{"taxonomy":"product_cat","embeddable":true,"href":"https:\/\/murter-online.com\/de\/wp-json\/wp\/v2\/product_cat?post=52969"},{"taxonomy":"product_tag","embeddable":true,"href":"https:\/\/murter-online.com\/de\/wp-json\/wp\/v2\/product_tag?post=52969"}],"curies":[{"name":"wp","href":"https:\/\/api.w.org\/{rel}","templated":true}]}}