{"id":52979,"date":"2025-01-09T17:54:46","date_gmt":"2025-01-09T17:54:46","guid":{"rendered":"https:\/\/murter.riot.hr\/?post_type=product&#038;p=52979"},"modified":"2025-01-31T11:07:10","modified_gmt":"2025-01-31T11:07:10","slug":"apartment-murter-mit-pool-sv-nikola-a4-id-48","status":"publish","type":"product","link":"https:\/\/murter-online.com\/de\/produkt\/apartment-murter-mit-pool-sv-nikola-a4-id-48\/","title":{"rendered":"Apartment Murter mit Pool Sv. Nikola A4 ID 48"},"content":{"rendered":"","protected":false},"excerpt":{"rendered":"<p>Wohnung Sv. Nikola befindet sich im zweiten Stock und verf\u00fcgt \u00fcber zwei Schlafzimmer, eine moderne K\u00fcche und ein Wohnzimmer mit Balkon und Meerblick. Es ist in dunkleren Farbt\u00f6nen gehalten und mit interessanten schmiedeeisernen Betten ausgestattet. Wohnung mit zwei Schlafzimmern. Bequem f\u00fcr 4 Personen. Panoramablick, 55 m2. Die Wohnung ist mit Klimaanlage, kostenfreiem WLAN und Sat-TV ausgestattet Bettw\u00e4sche, Handt\u00fccher und Endreinigung sind im Preis inbegriffen.<\/p>\n","protected":false},"featured_media":40079,"template":"","meta":{"_acf_changed":false},"product_brand":[],"product_cat":[143],"product_tag":[],"class_list":{"0":"post-52979","1":"product","2":"type-product","3":"status-publish","4":"has-post-thumbnail","6":"product_cat-ferienwohnungen-mit-pool","8":"first","9":"instock","10":"sold-individually","11":"shipping-taxable","12":"purchasable","13":"product-type-phive_booking"},"acf":[],"_links":{"self":[{"href":"https:\/\/murter-online.com\/de\/wp-json\/wp\/v2\/product\/52979","targetHints":{"allow":["GET"]}}],"collection":[{"href":"https:\/\/murter-online.com\/de\/wp-json\/wp\/v2\/product"}],"about":[{"href":"https:\/\/murter-online.com\/de\/wp-json\/wp\/v2\/types\/product"}],"wp:featuredmedia":[{"embeddable":true,"href":"https:\/\/murter-online.com\/de\/wp-json\/wp\/v2\/media\/40079"}],"wp:attachment":[{"href":"https:\/\/murter-online.com\/de\/wp-json\/wp\/v2\/media?parent=52979"}],"wp:term":[{"taxonomy":"product_brand","embeddable":true,"href":"https:\/\/murter-online.com\/de\/wp-json\/wp\/v2\/product_brand?post=52979"},{"taxonomy":"product_cat","embeddable":true,"href":"https:\/\/murter-online.com\/de\/wp-json\/wp\/v2\/product_cat?post=52979"},{"taxonomy":"product_tag","embeddable":true,"href":"https:\/\/murter-online.com\/de\/wp-json\/wp\/v2\/product_tag?post=52979"}],"curies":[{"name":"wp","href":"https:\/\/api.w.org\/{rel}","templated":true}]}}