{"id":52985,"date":"2025-01-09T18:22:47","date_gmt":"2025-01-09T18:22:47","guid":{"rendered":"https:\/\/murter.riot.hr\/?post_type=product&#038;p=52985"},"modified":"2025-05-01T13:05:55","modified_gmt":"2025-05-01T12:05:55","slug":"wohnung-in-der-naehe-des-strandes-slanica-a41-id-280","status":"publish","type":"product","link":"https:\/\/murter-online.com\/de\/produkt\/wohnung-in-der-naehe-des-strandes-slanica-a41-id-280\/","title":{"rendered":"Ferienwohnung f\u00fcr familien Strand Slanica Josipa Murter A4+1 ID 280"},"content":{"rendered":"","protected":false},"excerpt":{"rendered":"<p>Die Wohnung mit zwei Schlafzimmern und zwei Badezimmern liegt nur 300 Meter vom Sandstrand Slanica entfernt. Die Wohnung befindet sich im Erdgeschoss. In zwei Schlafzimmern k\u00f6nnen 4 Erwachsene auf Doppelbetten schlafen, im Wohnzimmer gibt es ein zus\u00e4tzliches Bett (Couch), das zum Schlafen genutzt werden kann.Ein Schlafzimmer ist vom Apartment getrennt und verf\u00fcgt nicht \u00fcber eine Klimaanlage. Die Wohnung verf\u00fcgt \u00fcber eine Waschmaschine, Klimaanlage, WLAN-Internet, Mikrowelle und einen gro\u00dfen Gefrierschrank. Die K\u00fcche ist komplett ausgestattet. Zur Wohnung geh\u00f6rt ein Au\u00dfenbereich mit Grill, der kostenlos genutzt werden kann. Die Wohnung verf\u00fcgt \u00fcber eine private Terrasse vor der Wohnung und einen Balkon, der vom Zimmer aus zug\u00e4nglich ist. Vor der Wohnung befindet sich ein kostenloser Parkplatz.<\/p>\n","protected":false},"featured_media":40127,"template":"","meta":{"_acf_changed":false},"product_brand":[],"product_cat":[144,130],"product_tag":[],"class_list":{"0":"post-52985","1":"product","2":"type-product","3":"status-publish","4":"has-post-thumbnail","6":"product_cat-familien-ferienwohnung","7":"product_cat-ferienwohnungen","9":"first","10":"instock","11":"sold-individually","12":"shipping-taxable","13":"purchasable","14":"product-type-phive_booking"},"acf":[],"_links":{"self":[{"href":"https:\/\/murter-online.com\/de\/wp-json\/wp\/v2\/product\/52985","targetHints":{"allow":["GET"]}}],"collection":[{"href":"https:\/\/murter-online.com\/de\/wp-json\/wp\/v2\/product"}],"about":[{"href":"https:\/\/murter-online.com\/de\/wp-json\/wp\/v2\/types\/product"}],"wp:featuredmedia":[{"embeddable":true,"href":"https:\/\/murter-online.com\/de\/wp-json\/wp\/v2\/media\/40127"}],"wp:attachment":[{"href":"https:\/\/murter-online.com\/de\/wp-json\/wp\/v2\/media?parent=52985"}],"wp:term":[{"taxonomy":"product_brand","embeddable":true,"href":"https:\/\/murter-online.com\/de\/wp-json\/wp\/v2\/product_brand?post=52985"},{"taxonomy":"product_cat","embeddable":true,"href":"https:\/\/murter-online.com\/de\/wp-json\/wp\/v2\/product_cat?post=52985"},{"taxonomy":"product_tag","embeddable":true,"href":"https:\/\/murter-online.com\/de\/wp-json\/wp\/v2\/product_tag?post=52985"}],"curies":[{"name":"wp","href":"https:\/\/api.w.org\/{rel}","templated":true}]}}