{"id":52990,"date":"2025-01-09T18:38:46","date_gmt":"2025-01-09T18:38:46","guid":{"rendered":"https:\/\/murter.riot.hr\/?post_type=product&#038;p=52990"},"modified":"2025-04-17T07:20:37","modified_gmt":"2025-04-17T06:20:37","slug":"wohnung-in-strandnaehe-in-betina-a4-1-id-253","status":"publish","type":"product","link":"https:\/\/murter-online.com\/de\/produkt\/wohnung-in-strandnaehe-in-betina-a4-1-id-253\/","title":{"rendered":"Ferienwohnung f\u00fcr familien in Betina Insel Murter A4 + 1 ID 253"},"content":{"rendered":"","protected":false},"excerpt":{"rendered":"<p>Apartment mit zwei Schlafzimmern auf zwei Etagen in Betina. Die Wohnung hat zwei Schlafzimmer, K\u00fcche, Wohnzimmer und Badezimmer mit Waschmaschine. Es liegt in der N\u00e4he des Strandes und ist f\u00fcr kleine Kinder geeignet. Die Wohnung hat zwei Terrassen und ein Zimmer Balkon. Vom oberen Balkon hat man einen sch\u00f6nen Blick auf Betina. Die Wohnung verf\u00fcgt \u00fcber Klimaanlage und WiFi-Internet. Das Parken ist kostenlos und befindet sich vor der Wohnung.<\/p>\n","protected":false},"featured_media":40834,"template":"","meta":{"_acf_changed":false},"product_brand":[],"product_cat":[130,142],"product_tag":[],"class_list":{"0":"post-52990","1":"product","2":"type-product","3":"status-publish","4":"has-post-thumbnail","6":"product_cat-ferienwohnungen","7":"product_cat-ferienwohnungen-mit-meerblick","9":"first","10":"instock","11":"sold-individually","12":"shipping-taxable","13":"purchasable","14":"product-type-phive_booking"},"acf":[],"_links":{"self":[{"href":"https:\/\/murter-online.com\/de\/wp-json\/wp\/v2\/product\/52990","targetHints":{"allow":["GET"]}}],"collection":[{"href":"https:\/\/murter-online.com\/de\/wp-json\/wp\/v2\/product"}],"about":[{"href":"https:\/\/murter-online.com\/de\/wp-json\/wp\/v2\/types\/product"}],"wp:featuredmedia":[{"embeddable":true,"href":"https:\/\/murter-online.com\/de\/wp-json\/wp\/v2\/media\/40834"}],"wp:attachment":[{"href":"https:\/\/murter-online.com\/de\/wp-json\/wp\/v2\/media?parent=52990"}],"wp:term":[{"taxonomy":"product_brand","embeddable":true,"href":"https:\/\/murter-online.com\/de\/wp-json\/wp\/v2\/product_brand?post=52990"},{"taxonomy":"product_cat","embeddable":true,"href":"https:\/\/murter-online.com\/de\/wp-json\/wp\/v2\/product_cat?post=52990"},{"taxonomy":"product_tag","embeddable":true,"href":"https:\/\/murter-online.com\/de\/wp-json\/wp\/v2\/product_tag?post=52990"}],"curies":[{"name":"wp","href":"https:\/\/api.w.org\/{rel}","templated":true}]}}