{"id":53005,"date":"2025-01-09T20:39:16","date_gmt":"2025-01-09T20:39:16","guid":{"rendered":"https:\/\/murter.riot.hr\/?post_type=product&#038;p=53005"},"modified":"2025-09-30T16:30:23","modified_gmt":"2025-09-30T15:30:23","slug":"wohnung-in-strandnaehe-in-murter-a4-id-250","status":"publish","type":"product","link":"https:\/\/murter-online.com\/de\/produkt\/wohnung-in-strandnaehe-in-murter-a4-id-250\/","title":{"rendered":"Ferienwohnung f\u00fcr 4 personen Strand Slanica in Murter A4 ID 250"},"content":{"rendered":"","protected":false},"excerpt":{"rendered":"<p>Apartment f\u00fcr 4 Personen befindet sich im ersten Stock. Die Wohnung verf\u00fcgt \u00fcber Klimaanlage, WLAN, Waschmaschine und eine voll ausgestattete K\u00fcche. Es hat zwei Schlafzimmer, in denen 4 Erwachsene schlafen k\u00f6nnen. Die Wohnung befindet sich in einer gro\u00dfartigen Lage zwischen dem Strand Slanica und dem \u00f6rtlichen Strand Luke. Die Umgebung der Wohnung ist ruhig und Parkpl\u00e4tze stehen im Hof \u200b\u200bvor der Wohnung zur Verf\u00fcgung.<span class=\"Y2IQFc\" lang=\"de\">Die Reinigungsgeb\u00fchr betr\u00e4gt 50 Euro.<\/span><\/p>\n","protected":false},"featured_media":41218,"template":"","meta":{"_acf_changed":false},"product_brand":[],"product_cat":[144,130,142],"product_tag":[],"class_list":{"0":"post-53005","1":"product","2":"type-product","3":"status-publish","4":"has-post-thumbnail","6":"product_cat-familien-ferienwohnung","7":"product_cat-ferienwohnungen","8":"product_cat-ferienwohnungen-mit-meerblick","10":"first","11":"instock","12":"sold-individually","13":"shipping-taxable","14":"purchasable","15":"product-type-phive_booking"},"acf":[],"_links":{"self":[{"href":"https:\/\/murter-online.com\/de\/wp-json\/wp\/v2\/product\/53005","targetHints":{"allow":["GET"]}}],"collection":[{"href":"https:\/\/murter-online.com\/de\/wp-json\/wp\/v2\/product"}],"about":[{"href":"https:\/\/murter-online.com\/de\/wp-json\/wp\/v2\/types\/product"}],"wp:featuredmedia":[{"embeddable":true,"href":"https:\/\/murter-online.com\/de\/wp-json\/wp\/v2\/media\/41218"}],"wp:attachment":[{"href":"https:\/\/murter-online.com\/de\/wp-json\/wp\/v2\/media?parent=53005"}],"wp:term":[{"taxonomy":"product_brand","embeddable":true,"href":"https:\/\/murter-online.com\/de\/wp-json\/wp\/v2\/product_brand?post=53005"},{"taxonomy":"product_cat","embeddable":true,"href":"https:\/\/murter-online.com\/de\/wp-json\/wp\/v2\/product_cat?post=53005"},{"taxonomy":"product_tag","embeddable":true,"href":"https:\/\/murter-online.com\/de\/wp-json\/wp\/v2\/product_tag?post=53005"}],"curies":[{"name":"wp","href":"https:\/\/api.w.org\/{rel}","templated":true}]}}