{"id":53015,"date":"2025-01-09T21:46:27","date_gmt":"2025-01-09T21:46:27","guid":{"rendered":"https:\/\/murter.riot.hr\/?post_type=product&#038;p=53015"},"modified":"2025-02-01T07:35:11","modified_gmt":"2025-02-01T07:35:11","slug":"wohnung-in-strandnaehe-podvrske-a41-id-278","status":"publish","type":"product","link":"https:\/\/murter-online.com\/de\/produkt\/wohnung-in-strandnaehe-podvrske-a41-id-278\/","title":{"rendered":"Wohnung in Strandn\u00e4he Podvr\u0161ke A4+1 ID 278"},"content":{"rendered":"","protected":false},"excerpt":{"rendered":"<p>Die Wohnung befindet sich in einer gro\u00dfartigen Lage in Murter! In der N\u00e4he dieser Wohnung befinden sich zwei ber\u00fchmte Str\u00e4nde, der \u00f6rtliche Strand Luke und der Sand- und Kiesstrand Podvr\u0161ke. Die Wohnung befindet sich in ruhiger und ruhiger Lage. Die Gr\u00f6\u00dfe der Wohnung betr\u00e4gt 60 qm + Terrasse 20 qm. G\u00e4ste, die im Apartment \u00fcbernachten, k\u00f6nnen eine gemeinsame Terrasse von 72 Quadratmetern mit Liegest\u00fchlen und einem Gasgrill nutzen. Die Wohnung verf\u00fcgt \u00fcber zwei Schlafzimmer, in denen vier Erwachsene schlafen k\u00f6nnen. Im Wohnzimmer gibt es ein zus\u00e4tzliches Bett (Sofa), in dem ein Kind schlafen kann. Die Wohnung verf\u00fcgt \u00fcber Smart-TV, SAT-TV, WLAN &#8211; Internet, Klimaanlage, Wasserkocher, mittelgro\u00dfen K\u00fchlschrank mit Gefrierfach, Herd. Die Wohnung verf\u00fcgt \u00fcber eine Waschmaschine. Die Gemeinschaftsterrasse bietet einen sch\u00f6nen Blick auf das Meer und das Murter-Archipel. Parkpl\u00e4tze stehen vor dem Haus zur Verf\u00fcgung und sind im Apartmentpreis inbegriffen.<\/p>\n","protected":false},"featured_media":42038,"template":"","meta":{"_acf_changed":false},"product_brand":[],"product_cat":[144,130],"product_tag":[],"class_list":{"0":"post-53015","1":"product","2":"type-product","3":"status-publish","4":"has-post-thumbnail","6":"product_cat-familien-ferienwohnung","7":"product_cat-ferienwohnungen","9":"first","10":"instock","11":"sold-individually","12":"shipping-taxable","13":"purchasable","14":"product-type-phive_booking"},"acf":[],"_links":{"self":[{"href":"https:\/\/murter-online.com\/de\/wp-json\/wp\/v2\/product\/53015","targetHints":{"allow":["GET"]}}],"collection":[{"href":"https:\/\/murter-online.com\/de\/wp-json\/wp\/v2\/product"}],"about":[{"href":"https:\/\/murter-online.com\/de\/wp-json\/wp\/v2\/types\/product"}],"wp:featuredmedia":[{"embeddable":true,"href":"https:\/\/murter-online.com\/de\/wp-json\/wp\/v2\/media\/42038"}],"wp:attachment":[{"href":"https:\/\/murter-online.com\/de\/wp-json\/wp\/v2\/media?parent=53015"}],"wp:term":[{"taxonomy":"product_brand","embeddable":true,"href":"https:\/\/murter-online.com\/de\/wp-json\/wp\/v2\/product_brand?post=53015"},{"taxonomy":"product_cat","embeddable":true,"href":"https:\/\/murter-online.com\/de\/wp-json\/wp\/v2\/product_cat?post=53015"},{"taxonomy":"product_tag","embeddable":true,"href":"https:\/\/murter-online.com\/de\/wp-json\/wp\/v2\/product_tag?post=53015"}],"curies":[{"name":"wp","href":"https:\/\/api.w.org\/{rel}","templated":true}]}}