{"id":53020,"date":"2025-01-10T08:15:48","date_gmt":"2025-01-10T08:15:48","guid":{"rendered":"https:\/\/murter.riot.hr\/?post_type=product&#038;p=53020"},"modified":"2025-04-17T07:34:11","modified_gmt":"2025-04-17T06:34:11","slug":"neue-wohnung-in-betina-mit-bootsanlegeplatz-a41","status":"publish","type":"product","link":"https:\/\/murter-online.com\/de\/produkt\/neue-wohnung-in-betina-mit-bootsanlegeplatz-a41\/","title":{"rendered":"Ferienwohnung mit bootsliegeplatz Betina Plitka Vala A4+1"},"content":{"rendered":"","protected":false},"excerpt":{"rendered":"<p>Eine wundersch\u00f6n eingerichtete Wohnung mit modernem Design, in der Sie sich bestimmt wohlf\u00fchlen werden. Es liegt nur 100 Meter vom Kiesstrand und 500 Meter vom Zentrum von Betina entfernt. Die Wohneinheit verf\u00fcgt \u00fcber WLAN-Internetzugang, Sat-TV, zwei Klimaanlagen, eine voll ausgestattete K\u00fcche mit Esszimmer, ein Badezimmer und eine Toilette sowie einen Balkon mit Meerblick. Den G\u00e4sten stehen auch gemeinschaftlich genutzte Grillger\u00e4te zur Verf\u00fcgung. Den G\u00e4sten steht au\u00dferdem ein Liegeplatz f\u00fcr ein Boot an einer Boje in der N\u00e4he der Wohnung zur Verf\u00fcgung. Der Liegeplatz ist im Apartmentpreis inbegriffen.<\/p>\n","protected":false},"featured_media":42586,"template":"","meta":{"_acf_changed":false},"product_brand":[],"product_cat":[144,130,145,142],"product_tag":[],"class_list":{"0":"post-53020","1":"product","2":"type-product","3":"status-publish","4":"has-post-thumbnail","6":"product_cat-familien-ferienwohnung","7":"product_cat-ferienwohnungen","8":"product_cat-ferienwohnungen-mit-bootsliegeplatz","9":"product_cat-ferienwohnungen-mit-meerblick","11":"first","12":"instock","13":"sold-individually","14":"shipping-taxable","15":"purchasable","16":"product-type-phive_booking"},"acf":[],"_links":{"self":[{"href":"https:\/\/murter-online.com\/de\/wp-json\/wp\/v2\/product\/53020","targetHints":{"allow":["GET"]}}],"collection":[{"href":"https:\/\/murter-online.com\/de\/wp-json\/wp\/v2\/product"}],"about":[{"href":"https:\/\/murter-online.com\/de\/wp-json\/wp\/v2\/types\/product"}],"wp:featuredmedia":[{"embeddable":true,"href":"https:\/\/murter-online.com\/de\/wp-json\/wp\/v2\/media\/42586"}],"wp:attachment":[{"href":"https:\/\/murter-online.com\/de\/wp-json\/wp\/v2\/media?parent=53020"}],"wp:term":[{"taxonomy":"product_brand","embeddable":true,"href":"https:\/\/murter-online.com\/de\/wp-json\/wp\/v2\/product_brand?post=53020"},{"taxonomy":"product_cat","embeddable":true,"href":"https:\/\/murter-online.com\/de\/wp-json\/wp\/v2\/product_cat?post=53020"},{"taxonomy":"product_tag","embeddable":true,"href":"https:\/\/murter-online.com\/de\/wp-json\/wp\/v2\/product_tag?post=53020"}],"curies":[{"name":"wp","href":"https:\/\/api.w.org\/{rel}","templated":true}]}}