{"id":53025,"date":"2025-01-10T08:54:16","date_gmt":"2025-01-10T08:54:16","guid":{"rendered":"https:\/\/murter.riot.hr\/?post_type=product&#038;p=53025"},"modified":"2025-04-17T07:40:06","modified_gmt":"2025-04-17T06:40:06","slug":"wohnung-am-strand-in-murter-a42-id-296","status":"publish","type":"product","link":"https:\/\/murter-online.com\/de\/produkt\/wohnung-am-strand-in-murter-a42-id-296\/","title":{"rendered":"Ferienwohnung am Strand Luke Insel Murter A4+2 ID 296"},"content":{"rendered":"","protected":false},"excerpt":{"rendered":"<div align=\"center\">\n<div class=\"max_width\" align=\"left\">\n<div>\n<div>Die Wohnung liegt nur 70 Meter vom Stadtstrand Lukas entfernt. Der Strand besteht aus Kies, Beton und Sand. Die Wohnung verf\u00fcgt \u00fcber eine gro\u00dfe Terrasse, ein Teil der Terrasse bietet Meerblick. Es handelt sich um max. 10-15 Minuten (zu Fu\u00df) vom Sandstrand Podvr\u0161ke und dem Sandstrand Slanica entfernt. Der Fu\u00dfweg vom Zentrum betr\u00e4gt 7-10 Minuten. Die Wohnung verf\u00fcgt \u00fcber zwei Schlafzimmer, in denen 4 Erwachsene schlafen k\u00f6nnen. Die Wohnung verf\u00fcgt \u00fcber ein gro\u00dfes Zustellbett (Sofa) im Wohnzimmer, auf dem 2 Personen schlafen k\u00f6nnen. Die K\u00fcche ist komplett ausgestattet. Die Wohnung verf\u00fcgt \u00fcber einen gro\u00dfen K\u00fchlschrank, Sat-TV und kostenfreies WLAN. Die Wohnung verf\u00fcgt \u00fcber kostenlose Parkpl\u00e4tze vor dem Haus. Vor dem Haus befindet sich ein Grill, der kostenlos genutzt werden kann.<\/div>\n<\/div>\n<\/div>\n<\/div>\n<div align=\"center\"><\/div>\n","protected":false},"featured_media":42666,"template":"","meta":{"_acf_changed":false},"product_brand":[],"product_cat":[144,130,142],"product_tag":[],"class_list":{"0":"post-53025","1":"product","2":"type-product","3":"status-publish","4":"has-post-thumbnail","6":"product_cat-familien-ferienwohnung","7":"product_cat-ferienwohnungen","8":"product_cat-ferienwohnungen-mit-meerblick","10":"first","11":"instock","12":"sold-individually","13":"shipping-taxable","14":"purchasable","15":"product-type-phive_booking"},"acf":[],"_links":{"self":[{"href":"https:\/\/murter-online.com\/de\/wp-json\/wp\/v2\/product\/53025","targetHints":{"allow":["GET"]}}],"collection":[{"href":"https:\/\/murter-online.com\/de\/wp-json\/wp\/v2\/product"}],"about":[{"href":"https:\/\/murter-online.com\/de\/wp-json\/wp\/v2\/types\/product"}],"wp:featuredmedia":[{"embeddable":true,"href":"https:\/\/murter-online.com\/de\/wp-json\/wp\/v2\/media\/42666"}],"wp:attachment":[{"href":"https:\/\/murter-online.com\/de\/wp-json\/wp\/v2\/media?parent=53025"}],"wp:term":[{"taxonomy":"product_brand","embeddable":true,"href":"https:\/\/murter-online.com\/de\/wp-json\/wp\/v2\/product_brand?post=53025"},{"taxonomy":"product_cat","embeddable":true,"href":"https:\/\/murter-online.com\/de\/wp-json\/wp\/v2\/product_cat?post=53025"},{"taxonomy":"product_tag","embeddable":true,"href":"https:\/\/murter-online.com\/de\/wp-json\/wp\/v2\/product_tag?post=53025"}],"curies":[{"name":"wp","href":"https:\/\/api.w.org\/{rel}","templated":true}]}}