{"id":53031,"date":"2025-01-10T09:13:13","date_gmt":"2025-01-10T09:13:13","guid":{"rendered":"https:\/\/murter.riot.hr\/?post_type=product&#038;p=53031"},"modified":"2025-02-01T07:51:39","modified_gmt":"2025-02-01T07:51:39","slug":"wohnung-am-strand-slanica-a42-id-284","status":"publish","type":"product","link":"https:\/\/murter-online.com\/de\/produkt\/wohnung-am-strand-slanica-a42-id-284\/","title":{"rendered":"Wohnung am Strand Slanica A4+2 ID 284"},"content":{"rendered":"","protected":false},"excerpt":{"rendered":"<p>Apartment f\u00fcr max. 4+2 Personen liegt direkt am Strand von Slanica. Die Wohnung verf\u00fcgt \u00fcber zwei Schlafzimmer, in denen 4 Erwachsene schlafen k\u00f6nnen. Die Wohnung verf\u00fcgt \u00fcber ein gro\u00dfes Wohnzimmer mit einer Couch, die zum Schlafen genutzt werden kann.Die Wohnung verf\u00fcgt \u00fcber TV, WLAN, Geschirrsp\u00fcler, Backofen, Gefrierschrank und K\u00fchlschrank, Eismaschine. Die K\u00fcche ist komplett ausgestattet und vom Wohnzimmer getrennt. Vom Esszimmer aus haben Sie Zugang zum Balkon. Die Wohnung hat Meerblick. Die Wohnung verf\u00fcgt \u00fcber kostenlose Parkpl\u00e4tze.<\/p>\n","protected":false},"featured_media":42822,"template":"","meta":{"_acf_changed":false},"product_brand":[],"product_cat":[144,130,142],"product_tag":[],"class_list":{"0":"post-53031","1":"product","2":"type-product","3":"status-publish","4":"has-post-thumbnail","6":"product_cat-familien-ferienwohnung","7":"product_cat-ferienwohnungen","8":"product_cat-ferienwohnungen-mit-meerblick","10":"first","11":"instock","12":"sold-individually","13":"shipping-taxable","14":"purchasable","15":"product-type-phive_booking"},"acf":[],"_links":{"self":[{"href":"https:\/\/murter-online.com\/de\/wp-json\/wp\/v2\/product\/53031","targetHints":{"allow":["GET"]}}],"collection":[{"href":"https:\/\/murter-online.com\/de\/wp-json\/wp\/v2\/product"}],"about":[{"href":"https:\/\/murter-online.com\/de\/wp-json\/wp\/v2\/types\/product"}],"wp:featuredmedia":[{"embeddable":true,"href":"https:\/\/murter-online.com\/de\/wp-json\/wp\/v2\/media\/42822"}],"wp:attachment":[{"href":"https:\/\/murter-online.com\/de\/wp-json\/wp\/v2\/media?parent=53031"}],"wp:term":[{"taxonomy":"product_brand","embeddable":true,"href":"https:\/\/murter-online.com\/de\/wp-json\/wp\/v2\/product_brand?post=53031"},{"taxonomy":"product_cat","embeddable":true,"href":"https:\/\/murter-online.com\/de\/wp-json\/wp\/v2\/product_cat?post=53031"},{"taxonomy":"product_tag","embeddable":true,"href":"https:\/\/murter-online.com\/de\/wp-json\/wp\/v2\/product_tag?post=53031"}],"curies":[{"name":"wp","href":"https:\/\/api.w.org\/{rel}","templated":true}]}}