{"id":53047,"date":"2025-01-10T12:55:52","date_gmt":"2025-01-10T12:55:52","guid":{"rendered":"https:\/\/murter.riot.hr\/?post_type=product&#038;p=53047"},"modified":"2025-05-01T19:21:10","modified_gmt":"2025-05-01T18:21:10","slug":"apartment-frieden-murter-a6-id-307-2","status":"publish","type":"product","link":"https:\/\/murter-online.com\/de\/produkt\/apartment-frieden-murter-a6-id-307-2\/","title":{"rendered":"Ferienwohnung f\u00fcr familien Greenpeace Murter A6 ID 307"},"content":{"rendered":"","protected":false},"excerpt":{"rendered":"<p>Neu renovierte und voll ausgestattete Wohnung f\u00fcr max. 6 Personen befindet sich in ruhiger Lage in Murter. Die Wohnung liegt etwa 250 Meter vom Zentrum von Murter entfernt. Der n\u00e4chstgelegene Strand ist der Strand Zdra\u010de in Betina, der f\u00fcr Kinder und \u00e4ltere Menschen geeignet ist. Die Wohnung verf\u00fcgt \u00fcber 2 Schlafzimmer, in denen 6 Erwachsene schlafen k\u00f6nnen. Die Wohnung hat zwei Etagen, im ersten Stock gibt es eine K\u00fcche mit Esszimmer und Wohnzimmer, ein Badezimmer und ein Schlafzimmer, im zweiten Stock gibt es ein gro\u00dfes, klimatisiertes Zimmer im Dachgeschoss mit zwei Doppelbetten . Die Wohnung verf\u00fcgt \u00fcber einen Fernseher, kostenfreies WLAN, eine Mikrowelle, einen Wasserkocher und eine Waschmaschine. Vor dem Haus stehen den G\u00e4sten kostenfreie Parkpl\u00e4tze zur Verf\u00fcgung. Es gibt einen sch\u00f6nen Au\u00dfenbereich (im Hof) mit Grill und Gartenm\u00f6beln, der kostenlos genutzt werden kann. Von der Terrasse dieser Wohnung hat man einen sch\u00f6nen Blick auf die Kirche St. Rochus und das Murter-Betina-Feld.<\/p>\n","protected":false},"featured_media":43058,"template":"","meta":{"_acf_changed":false},"product_brand":[],"product_cat":[144,130],"product_tag":[],"class_list":{"0":"post-53047","1":"product","2":"type-product","3":"status-publish","4":"has-post-thumbnail","6":"product_cat-familien-ferienwohnung","7":"product_cat-ferienwohnungen","9":"first","10":"instock","11":"sold-individually","12":"shipping-taxable","13":"purchasable","14":"product-type-phive_booking"},"acf":[],"_links":{"self":[{"href":"https:\/\/murter-online.com\/de\/wp-json\/wp\/v2\/product\/53047","targetHints":{"allow":["GET"]}}],"collection":[{"href":"https:\/\/murter-online.com\/de\/wp-json\/wp\/v2\/product"}],"about":[{"href":"https:\/\/murter-online.com\/de\/wp-json\/wp\/v2\/types\/product"}],"wp:featuredmedia":[{"embeddable":true,"href":"https:\/\/murter-online.com\/de\/wp-json\/wp\/v2\/media\/43058"}],"wp:attachment":[{"href":"https:\/\/murter-online.com\/de\/wp-json\/wp\/v2\/media?parent=53047"}],"wp:term":[{"taxonomy":"product_brand","embeddable":true,"href":"https:\/\/murter-online.com\/de\/wp-json\/wp\/v2\/product_brand?post=53047"},{"taxonomy":"product_cat","embeddable":true,"href":"https:\/\/murter-online.com\/de\/wp-json\/wp\/v2\/product_cat?post=53047"},{"taxonomy":"product_tag","embeddable":true,"href":"https:\/\/murter-online.com\/de\/wp-json\/wp\/v2\/product_tag?post=53047"}],"curies":[{"name":"wp","href":"https:\/\/api.w.org\/{rel}","templated":true}]}}