{"id":53052,"date":"2025-01-10T13:29:11","date_gmt":"2025-01-10T13:29:11","guid":{"rendered":"https:\/\/murter.riot.hr\/?post_type=product&#038;p=53052"},"modified":"2025-04-17T08:16:45","modified_gmt":"2025-04-17T07:16:45","slug":"haus-petra-marine-view-ferienwohnung-perla-a42-id-92","status":"publish","type":"product","link":"https:\/\/murter-online.com\/de\/produkt\/haus-petra-marine-view-ferienwohnung-perla-a42-id-92\/","title":{"rendered":"Ferienwohnung Murter Meerblick Perla A4+2 ID 92"},"content":{"rendered":"","protected":false},"excerpt":{"rendered":"<p>Die Wohnung befindet sich in der N\u00e4he des Yachthafens Murter &#8211; Hramine. In der N\u00e4he des Stadtzentrums von Murter, das in wenigen Minuten zu erreichen ist. Der erste lokale Strand ist 180 Meter entfernt (Stadtstrand). In der N\u00e4he von \u00f6rtlichen Tankstellen, Superm\u00e4rkten, Restaurants und Caf\u00e9s. Die Wohnung verf\u00fcgt \u00fcber einen Balkon und Meerblick. Die Wohnung ist mit Ger\u00e4ten, WLAN und Sat-TV ausgestattet. Bettw\u00e4sche, Handt\u00fccher und Endreinigung sind im Preis inbegriffen. Es besteht die M\u00f6glichkeit, eine Wohnung mit nur einem Schlafzimmer f\u00fcr zwei Erwachsene + zwei Kinder zu mieten, der Preis w\u00e4re in diesem Fall: 160,00 Euro \/ Hauptsaison und 140,00 Euro \/ Vor- und Nebensaison.<\/p>\n","protected":false},"featured_media":43150,"template":"","meta":{"_acf_changed":false},"product_brand":[],"product_cat":[144,130,142],"product_tag":[],"class_list":{"0":"post-53052","1":"product","2":"type-product","3":"status-publish","4":"has-post-thumbnail","6":"product_cat-familien-ferienwohnung","7":"product_cat-ferienwohnungen","8":"product_cat-ferienwohnungen-mit-meerblick","10":"first","11":"instock","12":"sold-individually","13":"shipping-taxable","14":"purchasable","15":"product-type-phive_booking"},"acf":[],"_links":{"self":[{"href":"https:\/\/murter-online.com\/de\/wp-json\/wp\/v2\/product\/53052","targetHints":{"allow":["GET"]}}],"collection":[{"href":"https:\/\/murter-online.com\/de\/wp-json\/wp\/v2\/product"}],"about":[{"href":"https:\/\/murter-online.com\/de\/wp-json\/wp\/v2\/types\/product"}],"wp:featuredmedia":[{"embeddable":true,"href":"https:\/\/murter-online.com\/de\/wp-json\/wp\/v2\/media\/43150"}],"wp:attachment":[{"href":"https:\/\/murter-online.com\/de\/wp-json\/wp\/v2\/media?parent=53052"}],"wp:term":[{"taxonomy":"product_brand","embeddable":true,"href":"https:\/\/murter-online.com\/de\/wp-json\/wp\/v2\/product_brand?post=53052"},{"taxonomy":"product_cat","embeddable":true,"href":"https:\/\/murter-online.com\/de\/wp-json\/wp\/v2\/product_cat?post=53052"},{"taxonomy":"product_tag","embeddable":true,"href":"https:\/\/murter-online.com\/de\/wp-json\/wp\/v2\/product_tag?post=53052"}],"curies":[{"name":"wp","href":"https:\/\/api.w.org\/{rel}","templated":true}]}}