{"id":53056,"date":"2025-01-10T14:42:55","date_gmt":"2025-01-10T14:42:55","guid":{"rendered":"https:\/\/murter.riot.hr\/?post_type=product&#038;p=53056"},"modified":"2025-04-17T08:29:32","modified_gmt":"2025-04-17T07:29:32","slug":"apartment-podraduc-garden-paradise-2-a4-id-38","status":"publish","type":"product","link":"https:\/\/murter-online.com\/de\/produkt\/apartment-podraduc-garden-paradise-2-a4-id-38\/","title":{"rendered":"Ferienwohnung f\u00fcr 4 personen Podradu\u010d Garden Paradise Murter 2 A4 ID 38"},"content":{"rendered":"","protected":false},"excerpt":{"rendered":"<p>Sch\u00f6ne Wohnung mit zwei Schlafzimmern in toller Lage in Murter. Die Wohnung befindet sich in der Podradu\u010d-Stra\u00dfe, 80 m vom Meer und 150 m vom Sandstrand Slanica entfernt. Die Wohnung befindet sich im Erdgeschoss und verf\u00fcgt \u00fcber zwei Schlafzimmer, in denen 4 Erwachsene schlafen k\u00f6nnen. Das Apartment verf\u00fcgt \u00fcber eine Klimaanlage, kostenfreies WLAN, einen K\u00fchlschrank, einen Herd und einen Wasserkocher. Die K\u00fcche ist komplett ausgestattet. Von der Terrasse aus k\u00f6nnen Sie das Meer sehen. Die Wohnung verf\u00fcgt \u00fcber einen sch\u00f6nen Au\u00dfenbereich mit Au\u00dfendusche und Gartenm\u00f6beln. Apartmentg\u00e4sten stehen kostenfreie Parkpl\u00e4tze zur Verf\u00fcgung. Auf der Terrasse befindet sich ein Grill, der kostenfrei genutzt werden kann.<\/p>\n","protected":false},"featured_media":43350,"template":"","meta":{"_acf_changed":false},"product_brand":[],"product_cat":[144,130,142],"product_tag":[],"class_list":{"0":"post-53056","1":"product","2":"type-product","3":"status-publish","4":"has-post-thumbnail","6":"product_cat-familien-ferienwohnung","7":"product_cat-ferienwohnungen","8":"product_cat-ferienwohnungen-mit-meerblick","10":"first","11":"instock","12":"sold-individually","13":"shipping-taxable","14":"purchasable","15":"product-type-phive_booking"},"acf":[],"_links":{"self":[{"href":"https:\/\/murter-online.com\/de\/wp-json\/wp\/v2\/product\/53056","targetHints":{"allow":["GET"]}}],"collection":[{"href":"https:\/\/murter-online.com\/de\/wp-json\/wp\/v2\/product"}],"about":[{"href":"https:\/\/murter-online.com\/de\/wp-json\/wp\/v2\/types\/product"}],"wp:featuredmedia":[{"embeddable":true,"href":"https:\/\/murter-online.com\/de\/wp-json\/wp\/v2\/media\/43350"}],"wp:attachment":[{"href":"https:\/\/murter-online.com\/de\/wp-json\/wp\/v2\/media?parent=53056"}],"wp:term":[{"taxonomy":"product_brand","embeddable":true,"href":"https:\/\/murter-online.com\/de\/wp-json\/wp\/v2\/product_brand?post=53056"},{"taxonomy":"product_cat","embeddable":true,"href":"https:\/\/murter-online.com\/de\/wp-json\/wp\/v2\/product_cat?post=53056"},{"taxonomy":"product_tag","embeddable":true,"href":"https:\/\/murter-online.com\/de\/wp-json\/wp\/v2\/product_tag?post=53056"}],"curies":[{"name":"wp","href":"https:\/\/api.w.org\/{rel}","templated":true}]}}