{"id":53061,"date":"2025-01-10T15:09:07","date_gmt":"2025-01-10T15:09:07","guid":{"rendered":"https:\/\/murter.riot.hr\/?post_type=product&#038;p=53061"},"modified":"2025-04-17T08:36:13","modified_gmt":"2025-04-17T07:36:13","slug":"ferienwohnung-podraduc-kornati-view-a4-id-103","status":"publish","type":"product","link":"https:\/\/murter-online.com\/de\/produkt\/ferienwohnung-podraduc-kornati-view-a4-id-103\/","title":{"rendered":"Ferienwohnung Murter Meerblick Podradu\u010d Kornati A4 ID 103"},"content":{"rendered":"","protected":false},"excerpt":{"rendered":"<p>Die Wohnung mit wundersch\u00f6nem Meerblick befindet sich in einer gro\u00dfartigen Lage, nur 40 Meter vom Meer entfernt. Die Wohnung hat eine Fl\u00e4che von 65 m2. Es verf\u00fcgt \u00fcber zwei Schlafzimmer f\u00fcr 4 Erwachsene. Es hat ein Wohnzimmer. Es hat ein Badezimmer mit Dusche. Die Fl\u00e4che des Balkons \/ der Terrasse betr\u00e4gt 12 m2. Die Wohnung befindet sich im zweiten Stock. Die Wohnung ist mit TV, Klimaanlage, Backofen, kostenlosem WLAN-Internetzugang, Waschmaschine, Geschirrsp\u00fcler ausgestattet. Das Parken ist vorhanden und im Preis inbegriffen. Es gibt einen Au\u00dfengrill, der benutzt werden kann. Die Wohnung ist ca. 2000 m vom Zentrum und 40 m vom Meer oder dem ersten Strand in Murter entfernt. Haustiere sind nicht erlaubt. Die Wohnung befindet sich in einer wundersch\u00f6nen Lage, nur 9 Minuten zu Fu\u00df vom Strand Slanica und 12 Minuten zu Fu\u00df vom Gesch\u00e4ft entfernt. Es ist 14 Gehminuten vom Strand \u010cigra\u0111a entfernt. Die Wohnung befindet sich 20 Minuten zu Fu\u00df vom Zentrum entfernt.<\/p>\n","protected":false},"featured_media":43590,"template":"","meta":{"_acf_changed":false},"product_brand":[],"product_cat":[144,130,142],"product_tag":[],"class_list":{"0":"post-53061","1":"product","2":"type-product","3":"status-publish","4":"has-post-thumbnail","6":"product_cat-familien-ferienwohnung","7":"product_cat-ferienwohnungen","8":"product_cat-ferienwohnungen-mit-meerblick","10":"first","11":"instock","12":"sold-individually","13":"shipping-taxable","14":"purchasable","15":"product-type-phive_booking"},"acf":[],"_links":{"self":[{"href":"https:\/\/murter-online.com\/de\/wp-json\/wp\/v2\/product\/53061","targetHints":{"allow":["GET"]}}],"collection":[{"href":"https:\/\/murter-online.com\/de\/wp-json\/wp\/v2\/product"}],"about":[{"href":"https:\/\/murter-online.com\/de\/wp-json\/wp\/v2\/types\/product"}],"wp:featuredmedia":[{"embeddable":true,"href":"https:\/\/murter-online.com\/de\/wp-json\/wp\/v2\/media\/43590"}],"wp:attachment":[{"href":"https:\/\/murter-online.com\/de\/wp-json\/wp\/v2\/media?parent=53061"}],"wp:term":[{"taxonomy":"product_brand","embeddable":true,"href":"https:\/\/murter-online.com\/de\/wp-json\/wp\/v2\/product_brand?post=53061"},{"taxonomy":"product_cat","embeddable":true,"href":"https:\/\/murter-online.com\/de\/wp-json\/wp\/v2\/product_cat?post=53061"},{"taxonomy":"product_tag","embeddable":true,"href":"https:\/\/murter-online.com\/de\/wp-json\/wp\/v2\/product_tag?post=53061"}],"curies":[{"name":"wp","href":"https:\/\/api.w.org\/{rel}","templated":true}]}}