{"id":53066,"date":"2025-01-10T18:37:43","date_gmt":"2025-01-10T18:37:43","guid":{"rendered":"https:\/\/murter.riot.hr\/?post_type=product&#038;p=53066"},"modified":"2025-04-17T08:45:22","modified_gmt":"2025-04-17T07:45:22","slug":"wohnung-podraduc-murter-a4-id-26","status":"publish","type":"product","link":"https:\/\/murter-online.com\/de\/produkt\/wohnung-podraduc-murter-a4-id-26\/","title":{"rendered":"Ferienwohnung Murter Meerblick Kornati A4 ID 26"},"content":{"rendered":"","protected":false},"excerpt":{"rendered":"<div align=\"center\">\n<div class=\"max_width\" align=\"left\">\n<div>\n<div>Ferienwohnung Podraduc Murter A4 mit ein sch\u00f6nen Meerblick befindet sich in ausgezeichnete Lage, nur 50m. vom Meer entfernt. Die Ferienwohnung hat eine Fl\u00e4che von 70 m2. Diese Ferienwohnung verf\u00fcgt \u00fcber zwei Schlafzimmern wo 4 Erwachsene schlafen k\u00f6nnen. Es gibt einen kostenlosen Parkplatz. Es gibt eine Badezimmer mit Dusche . Die Ferienwohnung Zur Verf\u00fcgung steht auch ein Grillplatz. ist ausgestattet mit Fernseher, Klimaanlage, Satellitenanschluss, Backofen, kostenlosen WiFi Internetanschluss. Balkon\/Terrasse ist 18 m2 gro\u00df. , hat ein Wohnzimmer. Liegt im ersten Stock. Haustiere &#8211; nicht gestattet. Die FeWo ist 1500 m. weit vom Zentrum und ca. 50m. weit vom Meer oder dem ersten Strand in Murter.<\/div>\n<\/div>\n<\/div>\n<\/div>\n<div align=\"center\"><\/div>\n","protected":false},"featured_media":43842,"template":"","meta":{"_acf_changed":false},"product_brand":[],"product_cat":[144,130,142],"product_tag":[],"class_list":{"0":"post-53066","1":"product","2":"type-product","3":"status-publish","4":"has-post-thumbnail","6":"product_cat-familien-ferienwohnung","7":"product_cat-ferienwohnungen","8":"product_cat-ferienwohnungen-mit-meerblick","10":"first","11":"instock","12":"sold-individually","13":"shipping-taxable","14":"purchasable","15":"product-type-phive_booking"},"acf":[],"_links":{"self":[{"href":"https:\/\/murter-online.com\/de\/wp-json\/wp\/v2\/product\/53066","targetHints":{"allow":["GET"]}}],"collection":[{"href":"https:\/\/murter-online.com\/de\/wp-json\/wp\/v2\/product"}],"about":[{"href":"https:\/\/murter-online.com\/de\/wp-json\/wp\/v2\/types\/product"}],"wp:featuredmedia":[{"embeddable":true,"href":"https:\/\/murter-online.com\/de\/wp-json\/wp\/v2\/media\/43842"}],"wp:attachment":[{"href":"https:\/\/murter-online.com\/de\/wp-json\/wp\/v2\/media?parent=53066"}],"wp:term":[{"taxonomy":"product_brand","embeddable":true,"href":"https:\/\/murter-online.com\/de\/wp-json\/wp\/v2\/product_brand?post=53066"},{"taxonomy":"product_cat","embeddable":true,"href":"https:\/\/murter-online.com\/de\/wp-json\/wp\/v2\/product_cat?post=53066"},{"taxonomy":"product_tag","embeddable":true,"href":"https:\/\/murter-online.com\/de\/wp-json\/wp\/v2\/product_tag?post=53066"}],"curies":[{"name":"wp","href":"https:\/\/api.w.org\/{rel}","templated":true}]}}