{"id":53070,"date":"2025-01-11T07:20:32","date_gmt":"2025-01-11T07:20:32","guid":{"rendered":"https:\/\/murter.riot.hr\/?post_type=product&#038;p=53070"},"modified":"2025-04-17T08:50:57","modified_gmt":"2025-04-17T07:50:57","slug":"wohnung-podraduc-murter-a41-id-319","status":"publish","type":"product","link":"https:\/\/murter-online.com\/de\/produkt\/wohnung-podraduc-murter-a41-id-319\/","title":{"rendered":"Ferienwohnung Murter Meerblick Podradu\u010d A4+1 ID 319"},"content":{"rendered":"","protected":false},"excerpt":{"rendered":"<p>Die Wohnung mit wundersch\u00f6nem Meerblick befindet sich in einem attraktiven Teil von Murter, in der Podradu\u010d-Stra\u00dfe, an einem ruhigen und friedlichen Ort. Die Wohnung verf\u00fcgt \u00fcber 2 Schlafzimmer, in denen 4 Erwachsene schlafen k\u00f6nnen, die Wohnung verf\u00fcgt au\u00dferdem \u00fcber ein Wohnzimmer mit einem Zustellbett, das zum Schlafen genutzt werden kann. In der K\u00fcche gibt es einen Backofen, einen Wasserkocher und einen Gefrierschrank, der Rest der K\u00fcche ist komplett ausgestattet. Die Wohnung verf\u00fcgt \u00fcber eine sch\u00f6ne Terrasse mit Meerblick auf die Kornaten. Das Apartment verf\u00fcgt \u00fcber eine Klimaanlage, kostenfreies WLAN und Sat-TV. Vor der Wohnung stehen den G\u00e4sten kostenfreie Parkpl\u00e4tze zur Verf\u00fcgung. Im Innenhof der Wohnung befindet sich ein Grill, der kostenfrei genutzt werden kann. Unterhalb der Wohnung (70 Meter) befindet sich ein sch\u00f6ner, sauberer Felsstrand.<\/p>\n","protected":false},"featured_media":44042,"template":"","meta":{"_acf_changed":false},"product_brand":[],"product_cat":[144,130,142],"product_tag":[],"class_list":{"0":"post-53070","1":"product","2":"type-product","3":"status-publish","4":"has-post-thumbnail","6":"product_cat-familien-ferienwohnung","7":"product_cat-ferienwohnungen","8":"product_cat-ferienwohnungen-mit-meerblick","10":"first","11":"instock","12":"sold-individually","13":"shipping-taxable","14":"purchasable","15":"product-type-phive_booking"},"acf":[],"_links":{"self":[{"href":"https:\/\/murter-online.com\/de\/wp-json\/wp\/v2\/product\/53070","targetHints":{"allow":["GET"]}}],"collection":[{"href":"https:\/\/murter-online.com\/de\/wp-json\/wp\/v2\/product"}],"about":[{"href":"https:\/\/murter-online.com\/de\/wp-json\/wp\/v2\/types\/product"}],"wp:featuredmedia":[{"embeddable":true,"href":"https:\/\/murter-online.com\/de\/wp-json\/wp\/v2\/media\/44042"}],"wp:attachment":[{"href":"https:\/\/murter-online.com\/de\/wp-json\/wp\/v2\/media?parent=53070"}],"wp:term":[{"taxonomy":"product_brand","embeddable":true,"href":"https:\/\/murter-online.com\/de\/wp-json\/wp\/v2\/product_brand?post=53070"},{"taxonomy":"product_cat","embeddable":true,"href":"https:\/\/murter-online.com\/de\/wp-json\/wp\/v2\/product_cat?post=53070"},{"taxonomy":"product_tag","embeddable":true,"href":"https:\/\/murter-online.com\/de\/wp-json\/wp\/v2\/product_tag?post=53070"}],"curies":[{"name":"wp","href":"https:\/\/api.w.org\/{rel}","templated":true}]}}