{"id":53077,"date":"2025-01-11T07:41:18","date_gmt":"2025-01-11T07:41:18","guid":{"rendered":"https:\/\/murter.riot.hr\/?post_type=product&#038;p=53077"},"modified":"2025-04-17T09:02:45","modified_gmt":"2025-04-17T08:02:45","slug":"haus-podraduc-seaside-dream-ferienwohnung-a42-id-79","status":"publish","type":"product","link":"https:\/\/murter-online.com\/de\/produkt\/haus-podraduc-seaside-dream-ferienwohnung-a42-id-79\/","title":{"rendered":"Ferienwohnung Murter Meerblick Podradu\u010d Seaside Dream A4+2 ID 79"},"content":{"rendered":"","protected":false},"excerpt":{"rendered":"<p>Das Apartment Seaside Dream A4 + 2 ID 79 befindet sich in der N\u00e4he der Str\u00e4nde Slanica und \u010cigra\u0111a. Es bietet Unterk\u00fcnfte mit kostenfreiem WLAN und kostenfreien Privatparkpl\u00e4tzen. Das Apartment verf\u00fcgt \u00fcber eine Klimaanlage, einen Flachbild-Sat-TV und ein eigenes Bad mit einem Haartrockner. Es gibt auch eine voll ausgestattete K\u00fcche mit einer Mikrowelle, einem K\u00fchlschrank, einem Herd, einem Wasserkocher, einer Kaffeemaschine und einem Essbereich.<\/p>\n","protected":false},"featured_media":44109,"template":"","meta":{"_acf_changed":false},"product_brand":[],"product_cat":[144,130,142],"product_tag":[],"class_list":{"0":"post-53077","1":"product","2":"type-product","3":"status-publish","4":"has-post-thumbnail","6":"product_cat-familien-ferienwohnung","7":"product_cat-ferienwohnungen","8":"product_cat-ferienwohnungen-mit-meerblick","10":"first","11":"instock","12":"sold-individually","13":"shipping-taxable","14":"purchasable","15":"product-type-phive_booking"},"acf":[],"_links":{"self":[{"href":"https:\/\/murter-online.com\/de\/wp-json\/wp\/v2\/product\/53077","targetHints":{"allow":["GET"]}}],"collection":[{"href":"https:\/\/murter-online.com\/de\/wp-json\/wp\/v2\/product"}],"about":[{"href":"https:\/\/murter-online.com\/de\/wp-json\/wp\/v2\/types\/product"}],"wp:featuredmedia":[{"embeddable":true,"href":"https:\/\/murter-online.com\/de\/wp-json\/wp\/v2\/media\/44109"}],"wp:attachment":[{"href":"https:\/\/murter-online.com\/de\/wp-json\/wp\/v2\/media?parent=53077"}],"wp:term":[{"taxonomy":"product_brand","embeddable":true,"href":"https:\/\/murter-online.com\/de\/wp-json\/wp\/v2\/product_brand?post=53077"},{"taxonomy":"product_cat","embeddable":true,"href":"https:\/\/murter-online.com\/de\/wp-json\/wp\/v2\/product_cat?post=53077"},{"taxonomy":"product_tag","embeddable":true,"href":"https:\/\/murter-online.com\/de\/wp-json\/wp\/v2\/product_tag?post=53077"}],"curies":[{"name":"wp","href":"https:\/\/api.w.org\/{rel}","templated":true}]}}