{"id":53081,"date":"2025-01-11T07:55:19","date_gmt":"2025-01-11T07:55:19","guid":{"rendered":"https:\/\/murter.riot.hr\/?post_type=product&#038;p=53081"},"modified":"2025-04-17T10:25:37","modified_gmt":"2025-04-17T09:25:37","slug":"ferienwohnungen-podvrske-murter-a4-id-30","status":"publish","type":"product","link":"https:\/\/murter-online.com\/de\/produkt\/ferienwohnungen-podvrske-murter-a4-id-30\/","title":{"rendered":"Ferienwohnung f\u00fcr 4 personen Podvr\u0161ke Murter A4 ID 30"},"content":{"rendered":"","protected":false},"excerpt":{"rendered":"<p>Ferienwohnung Frano A4 befindet sich in ausgezeichnete Lage, nur 300m. vom Meer entfernt. Die Ferienwohnung hat eine Fl\u00e4che von 65 m2. Diese Ferienwohnung verf\u00fcgt \u00fcber zwei Schlafzimmern wo 4 Erwachsene schlafen k\u00f6nnen. Es gibt einen kostenlosen Parkplatz. Es gibt eine Badezimmer mit Dusche . Die Ferienwohnung ist ausgestattet mit Fernseher, Klimaanlage. Balkon\/Terrasse ist 10 m2 gro\u00df. , hat ein Wohnzimmer. Liegt im ersten Stock. Haustiere &#8211; nicht gestattet. Die FeWo ist 600m. weit vom Zentrum und ca. 300m. weit vom Meer oder dem ersten Strand in Murter.<\/p>\n","protected":false},"featured_media":44222,"template":"","meta":{"_acf_changed":false},"product_brand":[],"product_cat":[144,130,142],"product_tag":[],"class_list":{"0":"post-53081","1":"product","2":"type-product","3":"status-publish","4":"has-post-thumbnail","6":"product_cat-familien-ferienwohnung","7":"product_cat-ferienwohnungen","8":"product_cat-ferienwohnungen-mit-meerblick","10":"first","11":"instock","12":"sold-individually","13":"shipping-taxable","14":"purchasable","15":"product-type-phive_booking"},"acf":[],"_links":{"self":[{"href":"https:\/\/murter-online.com\/de\/wp-json\/wp\/v2\/product\/53081","targetHints":{"allow":["GET"]}}],"collection":[{"href":"https:\/\/murter-online.com\/de\/wp-json\/wp\/v2\/product"}],"about":[{"href":"https:\/\/murter-online.com\/de\/wp-json\/wp\/v2\/types\/product"}],"wp:featuredmedia":[{"embeddable":true,"href":"https:\/\/murter-online.com\/de\/wp-json\/wp\/v2\/media\/44222"}],"wp:attachment":[{"href":"https:\/\/murter-online.com\/de\/wp-json\/wp\/v2\/media?parent=53081"}],"wp:term":[{"taxonomy":"product_brand","embeddable":true,"href":"https:\/\/murter-online.com\/de\/wp-json\/wp\/v2\/product_brand?post=53081"},{"taxonomy":"product_cat","embeddable":true,"href":"https:\/\/murter-online.com\/de\/wp-json\/wp\/v2\/product_cat?post=53081"},{"taxonomy":"product_tag","embeddable":true,"href":"https:\/\/murter-online.com\/de\/wp-json\/wp\/v2\/product_tag?post=53081"}],"curies":[{"name":"wp","href":"https:\/\/api.w.org\/{rel}","templated":true}]}}