{"id":53085,"date":"2025-01-11T08:10:23","date_gmt":"2025-01-11T08:10:23","guid":{"rendered":"https:\/\/murter.riot.hr\/?post_type=product&#038;p=53085"},"modified":"2025-04-17T10:57:55","modified_gmt":"2025-04-17T09:57:55","slug":"ferienwohnung-podvrske-murter-jersani-a41-id-175","status":"publish","type":"product","link":"https:\/\/murter-online.com\/de\/produkt\/ferienwohnung-podvrske-murter-jersani-a41-id-175\/","title":{"rendered":"Ferienwohnung mit bootsliegeplatz Murter Podvr\u0161ke Jersani A4+1 ID 175"},"content":{"rendered":"","protected":false},"excerpt":{"rendered":"<p>Die Wohnung befindet sich in einer ausgezeichneten Lage, nur 100 Meter vom Meer entfernt. Die Wohnung hat eine Fl\u00e4che von 60 m2. Es hat zwei Schlafzimmer, in denen 4 Erwachsene schlafen k\u00f6nnen. Es hat ein Wohnzimmer, das zum Schlafen genutzt werden kann &#8211; Es hat ein Zustellbett f\u00fcr eine Person. Es hat ein Badezimmer mit Dusche. Der Balkon- \/ Terrassenbereich betr\u00e4gt 10 m2. Die Wohnung befindet sich im ersten Stock. Die Wohnung ist mit TV, Klimaanlage und kostenfreiem WLAN ausgestattet. Das Parken ist vorhanden und im Preis inbegriffen. Die Wohnung verf\u00fcgt \u00fcber einen Bootsanlegeplatz &#8211; der extra berechnet werden kann. Es gibt einen Au\u00dfengrill, der benutzt werden kann. Die Wohnung ist ca. 700 m vom Zentrum und 100 m vom Meer oder dem ersten Strand in Murter entfernt. Haustiere sind gegen Aufpreis erlaubt.<\/p>\n","protected":false},"featured_media":44290,"template":"","meta":{"_acf_changed":false},"product_brand":[],"product_cat":[144,130,145,142],"product_tag":[],"class_list":{"0":"post-53085","1":"product","2":"type-product","3":"status-publish","4":"has-post-thumbnail","6":"product_cat-familien-ferienwohnung","7":"product_cat-ferienwohnungen","8":"product_cat-ferienwohnungen-mit-bootsliegeplatz","9":"product_cat-ferienwohnungen-mit-meerblick","11":"first","12":"instock","13":"sold-individually","14":"shipping-taxable","15":"purchasable","16":"product-type-phive_booking"},"acf":[],"_links":{"self":[{"href":"https:\/\/murter-online.com\/de\/wp-json\/wp\/v2\/product\/53085","targetHints":{"allow":["GET"]}}],"collection":[{"href":"https:\/\/murter-online.com\/de\/wp-json\/wp\/v2\/product"}],"about":[{"href":"https:\/\/murter-online.com\/de\/wp-json\/wp\/v2\/types\/product"}],"wp:featuredmedia":[{"embeddable":true,"href":"https:\/\/murter-online.com\/de\/wp-json\/wp\/v2\/media\/44290"}],"wp:attachment":[{"href":"https:\/\/murter-online.com\/de\/wp-json\/wp\/v2\/media?parent=53085"}],"wp:term":[{"taxonomy":"product_brand","embeddable":true,"href":"https:\/\/murter-online.com\/de\/wp-json\/wp\/v2\/product_brand?post=53085"},{"taxonomy":"product_cat","embeddable":true,"href":"https:\/\/murter-online.com\/de\/wp-json\/wp\/v2\/product_cat?post=53085"},{"taxonomy":"product_tag","embeddable":true,"href":"https:\/\/murter-online.com\/de\/wp-json\/wp\/v2\/product_tag?post=53085"}],"curies":[{"name":"wp","href":"https:\/\/api.w.org\/{rel}","templated":true}]}}