{"id":53089,"date":"2025-01-11T08:26:18","date_gmt":"2025-01-11T08:26:18","guid":{"rendered":"https:\/\/murter.riot.hr\/?post_type=product&#038;p=53089"},"modified":"2025-04-19T19:35:33","modified_gmt":"2025-04-19T18:35:33","slug":"ferienwohnung-podvrske-murter-jersani-a6","status":"publish","type":"product","link":"https:\/\/murter-online.com\/de\/produkt\/ferienwohnung-podvrske-murter-jersani-a6\/","title":{"rendered":"Ferienwohnung mit bootsliegeplatz Murter Podvr\u0161ke Jersani A6"},"content":{"rendered":"","protected":false},"excerpt":{"rendered":"<p>Die Wohnung hat eine Fl\u00e4che von 70 m2. Es verf\u00fcgt \u00fcber zwei Schlafzimmer, in denen 6 Erwachsene schlafen k\u00f6nnen. Es hat ein Wohnzimmer. Es hat ein Badezimmer mit Dusche. Der Balkon- \/ Terrassenbereich betr\u00e4gt 10 m2. Die Wohnung befindet sich im ersten Stock des Hauses. Die Wohnung ist mit TV, Klimaanlage und kostenfreiem WLAN ausgestattet. Das Parken ist vorhanden und im Preis inbegriffen. Die Wohnung verf\u00fcgt \u00fcber einen Bootsanlegeplatz &#8211; der extra berechnet werden kann. Es gibt einen Au\u00dfengrill, der benutzt werden kann. Die Wohnung ist ca. 700 m vom Zentrum und 100 m vom Meer oder dem ersten Strand in Murter entfernt. Haustiere sind gegen Aufpreis erlaubt.<\/p>\n","protected":false},"featured_media":44370,"template":"","meta":{"_acf_changed":false},"product_brand":[],"product_cat":[144,130,145],"product_tag":[],"class_list":{"0":"post-53089","1":"product","2":"type-product","3":"status-publish","4":"has-post-thumbnail","6":"product_cat-familien-ferienwohnung","7":"product_cat-ferienwohnungen","8":"product_cat-ferienwohnungen-mit-bootsliegeplatz","10":"first","11":"instock","12":"sold-individually","13":"shipping-taxable","14":"purchasable","15":"product-type-phive_booking"},"acf":[],"_links":{"self":[{"href":"https:\/\/murter-online.com\/de\/wp-json\/wp\/v2\/product\/53089","targetHints":{"allow":["GET"]}}],"collection":[{"href":"https:\/\/murter-online.com\/de\/wp-json\/wp\/v2\/product"}],"about":[{"href":"https:\/\/murter-online.com\/de\/wp-json\/wp\/v2\/types\/product"}],"wp:featuredmedia":[{"embeddable":true,"href":"https:\/\/murter-online.com\/de\/wp-json\/wp\/v2\/media\/44370"}],"wp:attachment":[{"href":"https:\/\/murter-online.com\/de\/wp-json\/wp\/v2\/media?parent=53089"}],"wp:term":[{"taxonomy":"product_brand","embeddable":true,"href":"https:\/\/murter-online.com\/de\/wp-json\/wp\/v2\/product_brand?post=53089"},{"taxonomy":"product_cat","embeddable":true,"href":"https:\/\/murter-online.com\/de\/wp-json\/wp\/v2\/product_cat?post=53089"},{"taxonomy":"product_tag","embeddable":true,"href":"https:\/\/murter-online.com\/de\/wp-json\/wp\/v2\/product_tag?post=53089"}],"curies":[{"name":"wp","href":"https:\/\/api.w.org\/{rel}","templated":true}]}}