{"id":53105,"date":"2025-01-09T06:32:04","date_gmt":"2025-01-09T06:32:04","guid":{"rendered":"https:\/\/murter.riot.hr\/?post_type=product&#038;p=53105"},"modified":"2025-04-17T11:24:26","modified_gmt":"2025-04-17T10:24:26","slug":"ferienwohnung-slanica-panoramablick-a42-id-93","status":"publish","type":"product","link":"https:\/\/murter-online.com\/de\/produkt\/ferienwohnung-slanica-panoramablick-a42-id-93\/","title":{"rendered":"Ferienwohnung Murter Meerblick Slanica Panoramablick A4+2 ID 93"},"content":{"rendered":"","protected":false},"excerpt":{"rendered":"<p>Ferienwohnung Slanica 4+2 mit ein sch\u00f6nen Meerblick befindet sich in ausgezeichnete Lage, nur 300m. vom Meer entfernt. Die Ferienwohnung hat eine Fl\u00e4che von 80 m2. Diese Ferienwohnung verf\u00fcgt \u00fcber zwei Schlafzimmern wo 4 Erwachsene schlafen k\u00f6nnen. Es gibt ein Zustellbett f\u00fcr zwei Personen. Es gibt einen kostenlosen Parkplatz. Es gibt eine Badezimmer mit Dusche . Die Ferienwohnung ist ausgestattet mit Fernseher, Klimaanlage, Backofen, kostenlosen WiFi Internetanschluss. Balkon\/Terrasse ist 12 m2 gro\u00df. , hat ein Wohnzimmer, die zum Schlafen genutzt werden kann. Liegt im ersten Stock. Haustiere &#8211; nicht gestattet. Die FeWo ist 800m. weit vom Zentrum und ca. 300m. weit vom Meer oder dem ersten Strand in Murter.<span class=\"Y2IQFc\" lang=\"de\">Der Preis bezieht sich auf 4 Personen, bei 5 Personen in der Wohnung erh\u00f6ht sich der Preis um 10 Euro pro Tag, bei 6 Personen in dieser Wohnung erh\u00f6ht sich der Preis um 20 Euro.<\/span><\/p>\n","protected":false},"featured_media":37723,"template":"","meta":{"_acf_changed":false},"product_brand":[],"product_cat":[144,130,142],"product_tag":[],"class_list":{"0":"post-53105","1":"product","2":"type-product","3":"status-publish","4":"has-post-thumbnail","6":"product_cat-familien-ferienwohnung","7":"product_cat-ferienwohnungen","8":"product_cat-ferienwohnungen-mit-meerblick","10":"first","11":"instock","12":"sold-individually","13":"shipping-taxable","14":"purchasable","15":"product-type-phive_booking"},"acf":[],"_links":{"self":[{"href":"https:\/\/murter-online.com\/de\/wp-json\/wp\/v2\/product\/53105","targetHints":{"allow":["GET"]}}],"collection":[{"href":"https:\/\/murter-online.com\/de\/wp-json\/wp\/v2\/product"}],"about":[{"href":"https:\/\/murter-online.com\/de\/wp-json\/wp\/v2\/types\/product"}],"wp:featuredmedia":[{"embeddable":true,"href":"https:\/\/murter-online.com\/de\/wp-json\/wp\/v2\/media\/37723"}],"wp:attachment":[{"href":"https:\/\/murter-online.com\/de\/wp-json\/wp\/v2\/media?parent=53105"}],"wp:term":[{"taxonomy":"product_brand","embeddable":true,"href":"https:\/\/murter-online.com\/de\/wp-json\/wp\/v2\/product_brand?post=53105"},{"taxonomy":"product_cat","embeddable":true,"href":"https:\/\/murter-online.com\/de\/wp-json\/wp\/v2\/product_cat?post=53105"},{"taxonomy":"product_tag","embeddable":true,"href":"https:\/\/murter-online.com\/de\/wp-json\/wp\/v2\/product_tag?post=53105"}],"curies":[{"name":"wp","href":"https:\/\/api.w.org\/{rel}","templated":true}]}}