{"id":53109,"date":"2025-01-09T06:46:12","date_gmt":"2025-01-09T06:46:12","guid":{"rendered":"https:\/\/murter.riot.hr\/?post_type=product&#038;p=53109"},"modified":"2025-04-18T08:42:29","modified_gmt":"2025-04-18T07:42:29","slug":"ferienwohnung-strand-slanica-a4-id-217","status":"publish","type":"product","link":"https:\/\/murter-online.com\/de\/produkt\/ferienwohnung-strand-slanica-a4-id-217\/","title":{"rendered":"Ferienwohnung f\u00fcr familien Strand Slanica Murter A4 ID 217"},"content":{"rendered":"","protected":false},"excerpt":{"rendered":"<p>Familienapartment in hervorragender Lage, nur 250 Meter vom Sandstrand Slanica entfernt! Die Wohnung befindet sich im ersten Stock, komplett ausgestattet. Die Wohnung verf\u00fcgt \u00fcber zwei Schlafzimmer, in denen 4 Personen schlafen k\u00f6nnen, keine Zustellbetten im Wohnzimmer. Die Wohnung verf\u00fcgt \u00fcber Klimaanlage, kostenloses WLAN, Backofen, K\u00fchlschrank. Die Wohnung hat keinen Meerblick. Es verf\u00fcgt \u00fcber eine Terrasse mit Blick auf den Garten. Das Parken ist vorhanden und im Preis inbegriffen.<\/p>\n","protected":false},"featured_media":37815,"template":"","meta":{"_acf_changed":false},"product_brand":[],"product_cat":[144,130,142],"product_tag":[],"class_list":{"0":"post-53109","1":"product","2":"type-product","3":"status-publish","4":"has-post-thumbnail","6":"product_cat-familien-ferienwohnung","7":"product_cat-ferienwohnungen","8":"product_cat-ferienwohnungen-mit-meerblick","10":"first","11":"instock","12":"sold-individually","13":"shipping-taxable","14":"purchasable","15":"product-type-phive_booking"},"acf":[],"_links":{"self":[{"href":"https:\/\/murter-online.com\/de\/wp-json\/wp\/v2\/product\/53109","targetHints":{"allow":["GET"]}}],"collection":[{"href":"https:\/\/murter-online.com\/de\/wp-json\/wp\/v2\/product"}],"about":[{"href":"https:\/\/murter-online.com\/de\/wp-json\/wp\/v2\/types\/product"}],"wp:featuredmedia":[{"embeddable":true,"href":"https:\/\/murter-online.com\/de\/wp-json\/wp\/v2\/media\/37815"}],"wp:attachment":[{"href":"https:\/\/murter-online.com\/de\/wp-json\/wp\/v2\/media?parent=53109"}],"wp:term":[{"taxonomy":"product_brand","embeddable":true,"href":"https:\/\/murter-online.com\/de\/wp-json\/wp\/v2\/product_brand?post=53109"},{"taxonomy":"product_cat","embeddable":true,"href":"https:\/\/murter-online.com\/de\/wp-json\/wp\/v2\/product_cat?post=53109"},{"taxonomy":"product_tag","embeddable":true,"href":"https:\/\/murter-online.com\/de\/wp-json\/wp\/v2\/product_tag?post=53109"}],"curies":[{"name":"wp","href":"https:\/\/api.w.org\/{rel}","templated":true}]}}