{"id":53123,"date":"2025-01-09T07:37:10","date_gmt":"2025-01-09T07:37:10","guid":{"rendered":"https:\/\/murter.riot.hr\/?post_type=product&#038;p=53123"},"modified":"2025-04-19T06:56:03","modified_gmt":"2025-04-19T05:56:03","slug":"ferienwohnung-slanica-murter-pool-paradise-a41-id-158","status":"publish","type":"product","link":"https:\/\/murter-online.com\/de\/produkt\/ferienwohnung-slanica-murter-pool-paradise-a41-id-158\/","title":{"rendered":"Ferienwohnung Murter Mit pool Slanica Pool Paradise A4+1 ID 158"},"content":{"rendered":"","protected":false},"excerpt":{"rendered":"<p>Die Wohnung mit wundersch\u00f6nem Meerblick befindet sich in einer gro\u00dfartigen Lage, nur 70 Meter vom Meer entfernt. Die Wohnung hat eine Fl\u00e4che von 50 m2. Es hat zwei Schlafzimmer, in denen 4 Erwachsene schlafen k\u00f6nnen. Es hat ein Wohnzimmer. Es gibt ein zus\u00e4tzliches Schlafsofa, das zum Schlafen genutzt werden kann. Es hat ein Badezimmer mit Dusche. Balkon \/ Terrasse ist 5m2. Die Wohnung befindet sich im ersten Stock. Die Wohnung ist mit TV, Klimaanlage, Backofen ausgestattet. Das Parken ist vorhanden und im Preis inbegriffen. Die Wohnung ist ca. 1200 m vom Zentrum und 70 m vom Meer oder dem ersten Strand in Murter entfernt. Haustiere auf Anfrage.<\/p>\n","protected":false},"featured_media":38147,"template":"","meta":{"_acf_changed":false},"product_brand":[],"product_cat":[144,130,142,143],"product_tag":[],"class_list":{"0":"post-53123","1":"product","2":"type-product","3":"status-publish","4":"has-post-thumbnail","6":"product_cat-familien-ferienwohnung","7":"product_cat-ferienwohnungen","8":"product_cat-ferienwohnungen-mit-meerblick","9":"product_cat-ferienwohnungen-mit-pool","11":"first","12":"instock","13":"sold-individually","14":"shipping-taxable","15":"purchasable","16":"product-type-phive_booking"},"acf":[],"_links":{"self":[{"href":"https:\/\/murter-online.com\/de\/wp-json\/wp\/v2\/product\/53123","targetHints":{"allow":["GET"]}}],"collection":[{"href":"https:\/\/murter-online.com\/de\/wp-json\/wp\/v2\/product"}],"about":[{"href":"https:\/\/murter-online.com\/de\/wp-json\/wp\/v2\/types\/product"}],"wp:featuredmedia":[{"embeddable":true,"href":"https:\/\/murter-online.com\/de\/wp-json\/wp\/v2\/media\/38147"}],"wp:attachment":[{"href":"https:\/\/murter-online.com\/de\/wp-json\/wp\/v2\/media?parent=53123"}],"wp:term":[{"taxonomy":"product_brand","embeddable":true,"href":"https:\/\/murter-online.com\/de\/wp-json\/wp\/v2\/product_brand?post=53123"},{"taxonomy":"product_cat","embeddable":true,"href":"https:\/\/murter-online.com\/de\/wp-json\/wp\/v2\/product_cat?post=53123"},{"taxonomy":"product_tag","embeddable":true,"href":"https:\/\/murter-online.com\/de\/wp-json\/wp\/v2\/product_tag?post=53123"}],"curies":[{"name":"wp","href":"https:\/\/api.w.org\/{rel}","templated":true}]}}