{"id":53128,"date":"2025-01-09T07:54:30","date_gmt":"2025-01-09T07:54:30","guid":{"rendered":"https:\/\/murter.riot.hr\/?post_type=product&#038;p=53128"},"modified":"2025-04-19T06:50:03","modified_gmt":"2025-04-19T05:50:03","slug":"ferienwohnung-slanica-new-sea-view-a51-id-171","status":"publish","type":"product","link":"https:\/\/murter-online.com\/de\/produkt\/ferienwohnung-slanica-new-sea-view-a51-id-171\/","title":{"rendered":"Ferienwohnung Murter Meerblick Slanica New A5+1 ID 171"},"content":{"rendered":"","protected":false},"excerpt":{"rendered":"<p>Die Wohnung hat eine Fl\u00e4che von 70 m2. Die Wohnung verf\u00fcgt \u00fcber zwei Schlafzimmer, in denen 5 Personen schlafen k\u00f6nnen. Das Parken auf dem Hof \u200b\u200bvor der Wohnung ist kostenlos, kostenfreies WLAN. Es hat ein Badezimmer mit Dusche. Die Wohnung befindet sich im ersten Stock. Es hat einen eigenen Eingang, B\u00fcgelbrett und B\u00fcgeleisen. Die K\u00fcche ist komplett ausgestattet.<\/p>\n","protected":false},"featured_media":38247,"template":"","meta":{"_acf_changed":false},"product_brand":[],"product_cat":[144,130,142],"product_tag":[],"class_list":{"0":"post-53128","1":"product","2":"type-product","3":"status-publish","4":"has-post-thumbnail","6":"product_cat-familien-ferienwohnung","7":"product_cat-ferienwohnungen","8":"product_cat-ferienwohnungen-mit-meerblick","10":"first","11":"instock","12":"sold-individually","13":"shipping-taxable","14":"purchasable","15":"product-type-phive_booking"},"acf":[],"_links":{"self":[{"href":"https:\/\/murter-online.com\/de\/wp-json\/wp\/v2\/product\/53128","targetHints":{"allow":["GET"]}}],"collection":[{"href":"https:\/\/murter-online.com\/de\/wp-json\/wp\/v2\/product"}],"about":[{"href":"https:\/\/murter-online.com\/de\/wp-json\/wp\/v2\/types\/product"}],"wp:featuredmedia":[{"embeddable":true,"href":"https:\/\/murter-online.com\/de\/wp-json\/wp\/v2\/media\/38247"}],"wp:attachment":[{"href":"https:\/\/murter-online.com\/de\/wp-json\/wp\/v2\/media?parent=53128"}],"wp:term":[{"taxonomy":"product_brand","embeddable":true,"href":"https:\/\/murter-online.com\/de\/wp-json\/wp\/v2\/product_brand?post=53128"},{"taxonomy":"product_cat","embeddable":true,"href":"https:\/\/murter-online.com\/de\/wp-json\/wp\/v2\/product_cat?post=53128"},{"taxonomy":"product_tag","embeddable":true,"href":"https:\/\/murter-online.com\/de\/wp-json\/wp\/v2\/product_tag?post=53128"}],"curies":[{"name":"wp","href":"https:\/\/api.w.org\/{rel}","templated":true}]}}