{"id":53139,"date":"2025-01-09T08:50:08","date_gmt":"2025-01-09T08:50:08","guid":{"rendered":"https:\/\/murter.riot.hr\/?post_type=product&#038;p=53139"},"modified":"2025-04-18T09:14:05","modified_gmt":"2025-04-18T08:14:05","slug":"ferienwohnung-sommerurlaub-in-murter-4-1-id-222","status":"publish","type":"product","link":"https:\/\/murter-online.com\/de\/produkt\/ferienwohnung-sommerurlaub-in-murter-4-1-id-222\/","title":{"rendered":"Ferienwohnung Murter Meerblick Sommerurlaub Murter 4 + 1 ID 222"},"content":{"rendered":"","protected":false},"excerpt":{"rendered":"<p>Wohnung mit Panorama-Meerblick in Murter. Die Wohnung hat zwei Schlafzimmer, in denen 4 Erwachsene schlafen k\u00f6nnen, es gibt ein Wohnzimmer mit einem Schlafsofa, das zum Schlafen genutzt werden kann. Die K\u00fcche ist komplett ausgestattet. F\u00fcr Apartmentg\u00e4ste stehen kostenlose Parkpl\u00e4tze im Hof \u200b\u200bzur Verf\u00fcgung. Es gibt einen Au\u00dfengrill, der genutzt werden kann. Die Wohnung befindet sich in einer gro\u00dfartigen Lage. Der Stadtstrand Lukas, der Sandstrand Slanica und das Ortszentrum sind zu Fu\u00df erreichbar.Preisliste gilt f\u00fcr 4 Personen.<\/p>\n","protected":false},"featured_media":38367,"template":"","meta":{"_acf_changed":false},"product_brand":[],"product_cat":[144,130,142],"product_tag":[],"class_list":{"0":"post-53139","1":"product","2":"type-product","3":"status-publish","4":"has-post-thumbnail","6":"product_cat-familien-ferienwohnung","7":"product_cat-ferienwohnungen","8":"product_cat-ferienwohnungen-mit-meerblick","10":"first","11":"instock","12":"sold-individually","13":"shipping-taxable","14":"purchasable","15":"product-type-phive_booking"},"acf":[],"_links":{"self":[{"href":"https:\/\/murter-online.com\/de\/wp-json\/wp\/v2\/product\/53139","targetHints":{"allow":["GET"]}}],"collection":[{"href":"https:\/\/murter-online.com\/de\/wp-json\/wp\/v2\/product"}],"about":[{"href":"https:\/\/murter-online.com\/de\/wp-json\/wp\/v2\/types\/product"}],"wp:featuredmedia":[{"embeddable":true,"href":"https:\/\/murter-online.com\/de\/wp-json\/wp\/v2\/media\/38367"}],"wp:attachment":[{"href":"https:\/\/murter-online.com\/de\/wp-json\/wp\/v2\/media?parent=53139"}],"wp:term":[{"taxonomy":"product_brand","embeddable":true,"href":"https:\/\/murter-online.com\/de\/wp-json\/wp\/v2\/product_brand?post=53139"},{"taxonomy":"product_cat","embeddable":true,"href":"https:\/\/murter-online.com\/de\/wp-json\/wp\/v2\/product_cat?post=53139"},{"taxonomy":"product_tag","embeddable":true,"href":"https:\/\/murter-online.com\/de\/wp-json\/wp\/v2\/product_tag?post=53139"}],"curies":[{"name":"wp","href":"https:\/\/api.w.org\/{rel}","templated":true}]}}