{"id":53146,"date":"2025-01-09T09:28:35","date_gmt":"2025-01-09T09:28:35","guid":{"rendered":"https:\/\/murter.riot.hr\/?post_type=product&#038;p=53146"},"modified":"2025-04-18T09:40:57","modified_gmt":"2025-04-18T08:40:57","slug":"ferienwohnung-tessitura-murter-a41-id-298","status":"publish","type":"product","link":"https:\/\/murter-online.com\/de\/produkt\/ferienwohnung-tessitura-murter-a41-id-298\/","title":{"rendered":"Ferienwohnung Murter Meerblick Tessitura A4+1 ID 298"},"content":{"rendered":"","protected":false},"excerpt":{"rendered":"<p>Eine sch\u00f6ne Wohnung mit zwei Schlafzimmern befindet sich in ruhiger Lage in Murter. Die Wohnung verf\u00fcgt \u00fcber zwei Schlafzimmer, in denen 4 Erwachsene schlafen k\u00f6nnen. Die Wohnung verf\u00fcgt \u00fcber ein Wohnzimmer mit einem Zustellbett, das zum Schlafen genutzt werden kann. Insgesamt k\u00f6nnen 5 Personen in der Wohnung \u00fcbernachten. Die Wohnung verf\u00fcgt \u00fcber eine voll ausgestattete K\u00fcche. Die K\u00fcche verf\u00fcgt \u00fcber einen Backofen, einen Gefrierschrank, einen Toaster, eine Kaffeemaschine, einen Wasserkocher, eine Mikrowelle und einen Geschirrsp\u00fcler. Im Badezimmer gibt es eine Waschmaschine. Von der Terrasse aus hat man einen wundersch\u00f6nen Meerblick. Der n\u00e4chste Strand ist \u010cigra\u0111a, der 7 bis 10 Gehminuten von der Wohnung entfernt liegt. Es ist f\u00fcr Kinder und Erwachsene geeignet.<\/p>\n","protected":false},"featured_media":38463,"template":"","meta":{"_acf_changed":false},"product_brand":[],"product_cat":[144,130,142],"product_tag":[],"class_list":{"0":"post-53146","1":"product","2":"type-product","3":"status-publish","4":"has-post-thumbnail","6":"product_cat-familien-ferienwohnung","7":"product_cat-ferienwohnungen","8":"product_cat-ferienwohnungen-mit-meerblick","10":"first","11":"instock","12":"sold-individually","13":"shipping-taxable","14":"purchasable","15":"product-type-phive_booking"},"acf":[],"_links":{"self":[{"href":"https:\/\/murter-online.com\/de\/wp-json\/wp\/v2\/product\/53146","targetHints":{"allow":["GET"]}}],"collection":[{"href":"https:\/\/murter-online.com\/de\/wp-json\/wp\/v2\/product"}],"about":[{"href":"https:\/\/murter-online.com\/de\/wp-json\/wp\/v2\/types\/product"}],"wp:featuredmedia":[{"embeddable":true,"href":"https:\/\/murter-online.com\/de\/wp-json\/wp\/v2\/media\/38463"}],"wp:attachment":[{"href":"https:\/\/murter-online.com\/de\/wp-json\/wp\/v2\/media?parent=53146"}],"wp:term":[{"taxonomy":"product_brand","embeddable":true,"href":"https:\/\/murter-online.com\/de\/wp-json\/wp\/v2\/product_brand?post=53146"},{"taxonomy":"product_cat","embeddable":true,"href":"https:\/\/murter-online.com\/de\/wp-json\/wp\/v2\/product_cat?post=53146"},{"taxonomy":"product_tag","embeddable":true,"href":"https:\/\/murter-online.com\/de\/wp-json\/wp\/v2\/product_tag?post=53146"}],"curies":[{"name":"wp","href":"https:\/\/api.w.org\/{rel}","templated":true}]}}