{"id":53175,"date":"2025-01-09T10:39:28","date_gmt":"2025-01-09T10:39:28","guid":{"rendered":"https:\/\/murter.riot.hr\/?post_type=product&#038;p=53175"},"modified":"2025-02-02T16:14:45","modified_gmt":"2025-02-02T16:14:45","slug":"haus-vlado-ferienwohnungen-murter-slanica-a4-id-28","status":"publish","type":"product","link":"https:\/\/murter-online.com\/de\/produkt\/haus-vlado-ferienwohnungen-murter-slanica-a4-id-28\/","title":{"rendered":"Haus Vlado Ferienwohnungen Murter Slanica A4 ID 28"},"content":{"rendered":"","protected":false},"excerpt":{"rendered":"<p>32 m\u00b2 Balkon Klimaanlage Patio \/ Veranda Eigenes Badezimmer Kostenfreies WLAN! Kostenfreie Parkpl\u00e4tze Gr\u00f6\u00dfe des Apartments: 32 m\u00b2 In Ihrem eigenen Badezimmer: Kostenlose Pflegeprodukte WC Badewanne oder Dusche Handt\u00fccher Toilettenpapier Ausstattung des Apartments: \u200bBettw\u00e4sche Schrank Klimaanlage Fliesen-\/Marmorboden Privater Eingang Ventilator K\u00fcche K\u00fchlschrank K\u00fcchenutensilien Wasserkocher Herdplatte Essbereich TV Balkon Terrasse Patio \/ Veranda Grill Steckdose in Bettn\u00e4he Parkpl\u00e4tze: \u200bPrivate Parkpl\u00e4tze stehen kostenfrei an der Unterkunft (Reservierung ist nicht erforderlich) zur Verf\u00fcgung.<\/p>\n","protected":false},"featured_media":38947,"template":"","meta":{"_acf_changed":false},"product_brand":[],"product_cat":[144,130],"product_tag":[],"class_list":{"0":"post-53175","1":"product","2":"type-product","3":"status-publish","4":"has-post-thumbnail","6":"product_cat-familien-ferienwohnung","7":"product_cat-ferienwohnungen","9":"first","10":"instock","11":"sold-individually","12":"shipping-taxable","13":"purchasable","14":"product-type-phive_booking"},"acf":[],"_links":{"self":[{"href":"https:\/\/murter-online.com\/de\/wp-json\/wp\/v2\/product\/53175","targetHints":{"allow":["GET"]}}],"collection":[{"href":"https:\/\/murter-online.com\/de\/wp-json\/wp\/v2\/product"}],"about":[{"href":"https:\/\/murter-online.com\/de\/wp-json\/wp\/v2\/types\/product"}],"wp:featuredmedia":[{"embeddable":true,"href":"https:\/\/murter-online.com\/de\/wp-json\/wp\/v2\/media\/38947"}],"wp:attachment":[{"href":"https:\/\/murter-online.com\/de\/wp-json\/wp\/v2\/media?parent=53175"}],"wp:term":[{"taxonomy":"product_brand","embeddable":true,"href":"https:\/\/murter-online.com\/de\/wp-json\/wp\/v2\/product_brand?post=53175"},{"taxonomy":"product_cat","embeddable":true,"href":"https:\/\/murter-online.com\/de\/wp-json\/wp\/v2\/product_cat?post=53175"},{"taxonomy":"product_tag","embeddable":true,"href":"https:\/\/murter-online.com\/de\/wp-json\/wp\/v2\/product_tag?post=53175"}],"curies":[{"name":"wp","href":"https:\/\/api.w.org\/{rel}","templated":true}]}}