{"id":53180,"date":"2025-01-09T11:28:35","date_gmt":"2025-01-09T11:28:35","guid":{"rendered":"https:\/\/murter.riot.hr\/?post_type=product&#038;p=53180"},"modified":"2025-02-02T16:46:46","modified_gmt":"2025-02-02T16:46:46","slug":"apartment-mit-wunderschoenem-meerblick-murter-podraduc-a3-id-291","status":"publish","type":"product","link":"https:\/\/murter-online.com\/de\/produkt\/apartment-mit-wunderschoenem-meerblick-murter-podraduc-a3-id-291\/","title":{"rendered":"Apartment mit wundersch\u00f6nem Meerblick Murter Podradu\u010d A3 ID 291"},"content":{"rendered":"","protected":false},"excerpt":{"rendered":"<p>Apartment mit zwei Schlafzimmern und wundersch\u00f6nem Meerblick auf die Kornaten! Die Wohnung befindet sich in einer gro\u00dfartigen Lage in Murter. Die Wohnung ist nur 50 Meter vom Meer entfernt. Vor der Wohnung gibt es kostenlose Parkpl\u00e4tze. Die Wohnung ist mit Klimaanlage, WLAN, Geschirrsp\u00fcler und Waschmaschine ausgestattet. Die K\u00fcche ist komplett ausgestattet.<\/p>\n","protected":false},"featured_media":39007,"template":"","meta":{"_acf_changed":false},"product_brand":[],"product_cat":[144,130,142],"product_tag":[],"class_list":{"0":"post-53180","1":"product","2":"type-product","3":"status-publish","4":"has-post-thumbnail","6":"product_cat-familien-ferienwohnung","7":"product_cat-ferienwohnungen","8":"product_cat-ferienwohnungen-mit-meerblick","10":"first","11":"instock","12":"sold-individually","13":"shipping-taxable","14":"purchasable","15":"product-type-phive_booking"},"acf":[],"_links":{"self":[{"href":"https:\/\/murter-online.com\/de\/wp-json\/wp\/v2\/product\/53180","targetHints":{"allow":["GET"]}}],"collection":[{"href":"https:\/\/murter-online.com\/de\/wp-json\/wp\/v2\/product"}],"about":[{"href":"https:\/\/murter-online.com\/de\/wp-json\/wp\/v2\/types\/product"}],"wp:featuredmedia":[{"embeddable":true,"href":"https:\/\/murter-online.com\/de\/wp-json\/wp\/v2\/media\/39007"}],"wp:attachment":[{"href":"https:\/\/murter-online.com\/de\/wp-json\/wp\/v2\/media?parent=53180"}],"wp:term":[{"taxonomy":"product_brand","embeddable":true,"href":"https:\/\/murter-online.com\/de\/wp-json\/wp\/v2\/product_brand?post=53180"},{"taxonomy":"product_cat","embeddable":true,"href":"https:\/\/murter-online.com\/de\/wp-json\/wp\/v2\/product_cat?post=53180"},{"taxonomy":"product_tag","embeddable":true,"href":"https:\/\/murter-online.com\/de\/wp-json\/wp\/v2\/product_tag?post=53180"}],"curies":[{"name":"wp","href":"https:\/\/api.w.org\/{rel}","templated":true}]}}