{"id":53191,"date":"2025-01-09T12:22:28","date_gmt":"2025-01-09T12:22:28","guid":{"rendered":"https:\/\/murter.riot.hr\/?post_type=product&#038;p=53191"},"modified":"2025-04-19T07:26:23","modified_gmt":"2025-04-19T06:26:23","slug":"wohnung-mit-liegeplatz-murter-jersani-a4-1-id-217","status":"publish","type":"product","link":"https:\/\/murter-online.com\/de\/produkt\/wohnung-mit-liegeplatz-murter-jersani-a4-1-id-217\/","title":{"rendered":"Ferienwohnung mit bootsliegeplatz Murter Jersani Podvr\u0161ke A4 + 1 ID 217"},"content":{"rendered":"","protected":false},"excerpt":{"rendered":"<div align=\"center\">\n<div class=\"max_width\" align=\"left\">\n<div>\n<div>Wohnung f\u00fcr max. 5 Personen in toller Lage in Murter. Die Wohnung befindet sich 150 Meter vom Meer und 350 Meter vom Sandstrand Podvr\u0161ke entfernt. Der Bootsanlegeplatz ist im Preis der Wohnung inbegriffen. Die Wohnung befindet sich im ersten Stock und hat Meerblick. Die K\u00fcche ist komplett ausgestattet. F\u00fcr Apartmentg\u00e4ste stehen kostenfreie Parkpl\u00e4tze zur Verf\u00fcgung. Es gibt einen Au\u00dfengrill, der genutzt werden kann.<\/div>\n<\/div>\n<\/div>\n<\/div>\n<div align=\"center\"><\/div>\n","protected":false},"featured_media":39235,"template":"","meta":{"_acf_changed":false},"product_brand":[],"product_cat":[144,130,145,142],"product_tag":[],"class_list":{"0":"post-53191","1":"product","2":"type-product","3":"status-publish","4":"has-post-thumbnail","6":"product_cat-familien-ferienwohnung","7":"product_cat-ferienwohnungen","8":"product_cat-ferienwohnungen-mit-bootsliegeplatz","9":"product_cat-ferienwohnungen-mit-meerblick","11":"first","12":"instock","13":"sold-individually","14":"shipping-taxable","15":"purchasable","16":"product-type-phive_booking"},"acf":[],"_links":{"self":[{"href":"https:\/\/murter-online.com\/de\/wp-json\/wp\/v2\/product\/53191","targetHints":{"allow":["GET"]}}],"collection":[{"href":"https:\/\/murter-online.com\/de\/wp-json\/wp\/v2\/product"}],"about":[{"href":"https:\/\/murter-online.com\/de\/wp-json\/wp\/v2\/types\/product"}],"wp:featuredmedia":[{"embeddable":true,"href":"https:\/\/murter-online.com\/de\/wp-json\/wp\/v2\/media\/39235"}],"wp:attachment":[{"href":"https:\/\/murter-online.com\/de\/wp-json\/wp\/v2\/media?parent=53191"}],"wp:term":[{"taxonomy":"product_brand","embeddable":true,"href":"https:\/\/murter-online.com\/de\/wp-json\/wp\/v2\/product_brand?post=53191"},{"taxonomy":"product_cat","embeddable":true,"href":"https:\/\/murter-online.com\/de\/wp-json\/wp\/v2\/product_cat?post=53191"},{"taxonomy":"product_tag","embeddable":true,"href":"https:\/\/murter-online.com\/de\/wp-json\/wp\/v2\/product_tag?post=53191"}],"curies":[{"name":"wp","href":"https:\/\/api.w.org\/{rel}","templated":true}]}}