{"id":53196,"date":"2025-01-09T12:44:27","date_gmt":"2025-01-09T12:44:27","guid":{"rendered":"https:\/\/murter.riot.hr\/?post_type=product&#038;p=53196"},"modified":"2025-02-02T17:12:40","modified_gmt":"2025-02-02T17:12:40","slug":"wohnung-mit-bootsanlegeplatz-murter-podvrske-a41-id-218","status":"publish","type":"product","link":"https:\/\/murter-online.com\/de\/produkt\/wohnung-mit-bootsanlegeplatz-murter-podvrske-a41-id-218\/","title":{"rendered":"Wohnung mit Bootsanlegeplatz Murter Podvr\u0161ke A4+1 ID 218"},"content":{"rendered":"","protected":false},"excerpt":{"rendered":"<p>Wohnung f\u00fcr max. 5 Personen in toller Lage in Murter. Die Wohnung befindet sich 150 Meter vom Meer und 350 Meter vom Sandstrand Podvr\u0161ke entfernt. Der Bootsanlegeplatz ist im Preis der Wohnung inbegriffen. Die Wohnung befindet sich im ersten Stock und hat einen Blick auf den Garten. Die K\u00fcche ist komplett ausgestattet. F\u00fcr Apartmentg\u00e4ste stehen kostenfreie Parkpl\u00e4tze zur Verf\u00fcgung. Es gibt einen Au\u00dfengrill, der genutzt werden kann.<\/p>\n","protected":false},"featured_media":39359,"template":"","meta":{"_acf_changed":false},"product_brand":[],"product_cat":[144,130,145],"product_tag":[],"class_list":{"0":"post-53196","1":"product","2":"type-product","3":"status-publish","4":"has-post-thumbnail","6":"product_cat-familien-ferienwohnung","7":"product_cat-ferienwohnungen","8":"product_cat-ferienwohnungen-mit-bootsliegeplatz","10":"first","11":"instock","12":"sold-individually","13":"shipping-taxable","14":"purchasable","15":"product-type-phive_booking"},"acf":[],"_links":{"self":[{"href":"https:\/\/murter-online.com\/de\/wp-json\/wp\/v2\/product\/53196","targetHints":{"allow":["GET"]}}],"collection":[{"href":"https:\/\/murter-online.com\/de\/wp-json\/wp\/v2\/product"}],"about":[{"href":"https:\/\/murter-online.com\/de\/wp-json\/wp\/v2\/types\/product"}],"wp:featuredmedia":[{"embeddable":true,"href":"https:\/\/murter-online.com\/de\/wp-json\/wp\/v2\/media\/39359"}],"wp:attachment":[{"href":"https:\/\/murter-online.com\/de\/wp-json\/wp\/v2\/media?parent=53196"}],"wp:term":[{"taxonomy":"product_brand","embeddable":true,"href":"https:\/\/murter-online.com\/de\/wp-json\/wp\/v2\/product_brand?post=53196"},{"taxonomy":"product_cat","embeddable":true,"href":"https:\/\/murter-online.com\/de\/wp-json\/wp\/v2\/product_cat?post=53196"},{"taxonomy":"product_tag","embeddable":true,"href":"https:\/\/murter-online.com\/de\/wp-json\/wp\/v2\/product_tag?post=53196"}],"curies":[{"name":"wp","href":"https:\/\/api.w.org\/{rel}","templated":true}]}}