{"id":53207,"date":"2025-01-09T14:16:25","date_gmt":"2025-01-09T14:16:25","guid":{"rendered":"https:\/\/murter.riot.hr\/?post_type=product&#038;p=53207"},"modified":"2025-02-02T19:02:19","modified_gmt":"2025-02-02T19:02:19","slug":"wohnung-mit-pool-in-murter-a42-id-285","status":"publish","type":"product","link":"https:\/\/murter-online.com\/de\/produkt\/wohnung-mit-pool-in-murter-a42-id-285\/","title":{"rendered":"Wohnung mit Pool in Murter A4+2 ID 285"},"content":{"rendered":"","protected":false},"excerpt":{"rendered":"<p>Die Wohnung f\u00fcr insgesamt 6 Erwachsene befindet sich im Erdgeschoss des Hauses. Die Wohnung verf\u00fcgt \u00fcber zwei Schlafzimmer, in denen 4 Erwachsene schlafen k\u00f6nnen. Im Wohnzimmer gibt es ein zus\u00e4tzliches Bett (Couch), das zum Schlafen genutzt werden kann. Die Wohnung hat Zugang zu einem privaten Garten mit Swimmingpool. Vor der Wohnung und dem Grill befindet sich eine Au\u00dfendusche. Der Parkplatz f\u00fcr das Auto befindet sich vor dem Haus. Das Apartment verf\u00fcgt \u00fcber WLAN und einen 65-Zoll-LCD-TV + PS4. In den Schlafzimmern befindet sich ein LCD-TV. Die K\u00fcche ist mit einer Nespresso-Kaffeemaschine, einem Toaster, einer Mikrowelle, einem Wasserkocher und einem Geschirrsp\u00fcler ausgestattet. Das Apartment verf\u00fcgt \u00fcber eine Waschmaschine. Ein Kinderbett und ein Futtertisch sind auf Anfrage erh\u00e4ltlich. Die Reinigungskosten betragen 60 \u20ac und sind nicht im Preis inbegriffen. Die Kurtaxe betr\u00e4gt 1,50 \u20ac und ist nicht im Preis inbegriffen. Kinder bis 12 Jahre sind von der Kurtaxe befreit, Kinder von 12 bis 18 Jahren zahlen 50 % des Preises.<\/p>\n","protected":false},"featured_media":39587,"template":"","meta":{"_acf_changed":false},"product_brand":[],"product_cat":[143],"product_tag":[],"class_list":{"0":"post-53207","1":"product","2":"type-product","3":"status-publish","4":"has-post-thumbnail","6":"product_cat-ferienwohnungen-mit-pool","8":"first","9":"instock","10":"sold-individually","11":"shipping-taxable","12":"purchasable","13":"product-type-phive_booking"},"acf":[],"_links":{"self":[{"href":"https:\/\/murter-online.com\/de\/wp-json\/wp\/v2\/product\/53207","targetHints":{"allow":["GET"]}}],"collection":[{"href":"https:\/\/murter-online.com\/de\/wp-json\/wp\/v2\/product"}],"about":[{"href":"https:\/\/murter-online.com\/de\/wp-json\/wp\/v2\/types\/product"}],"wp:featuredmedia":[{"embeddable":true,"href":"https:\/\/murter-online.com\/de\/wp-json\/wp\/v2\/media\/39587"}],"wp:attachment":[{"href":"https:\/\/murter-online.com\/de\/wp-json\/wp\/v2\/media?parent=53207"}],"wp:term":[{"taxonomy":"product_brand","embeddable":true,"href":"https:\/\/murter-online.com\/de\/wp-json\/wp\/v2\/product_brand?post=53207"},{"taxonomy":"product_cat","embeddable":true,"href":"https:\/\/murter-online.com\/de\/wp-json\/wp\/v2\/product_cat?post=53207"},{"taxonomy":"product_tag","embeddable":true,"href":"https:\/\/murter-online.com\/de\/wp-json\/wp\/v2\/product_tag?post=53207"}],"curies":[{"name":"wp","href":"https:\/\/api.w.org\/{rel}","templated":true}]}}