{"id":53213,"date":"2025-01-09T14:28:07","date_gmt":"2025-01-09T14:28:07","guid":{"rendered":"https:\/\/murter.riot.hr\/?post_type=product&#038;p=53213"},"modified":"2025-04-19T08:24:15","modified_gmt":"2025-04-19T07:24:15","slug":"apartment-mit-meerblick-a41-id-305","status":"publish","type":"product","link":"https:\/\/murter-online.com\/de\/produkt\/apartment-mit-meerblick-a41-id-305\/","title":{"rendered":"Ferienwohnung Murter Meerblick Jakov A4+1 ID 305"},"content":{"rendered":"","protected":false},"excerpt":{"rendered":"<p>Neu renovierte Wohnung mit wundersch\u00f6nem Meerblick. Die Wohnung befindet sich in einer gro\u00dfartigen Lage, sie ist nur 300 Meter vom \u00f6rtlichen Luke-Strand, dem ersten Markt und einem Spielplatz f\u00fcr Kinder entfernt. Der Sandstrand von Slanica ist 750 Meter von der Wohnung entfernt. Die Wohnung verf\u00fcgt \u00fcber zwei Schlafzimmer, in denen 4 Erwachsene schlafen k\u00f6nnen. Jedes Schlafzimmer, jede K\u00fcche und jedes Wohnzimmer sind klimatisiert. In jedem Schlafzimmer und Wohnzimmer gibt es einen Fernseher. Die K\u00fcche ist komplett ausgestattet. Die Wohnung verf\u00fcgt \u00fcber WLAN, kostenlose Parkpl\u00e4tze im Hof \u200b\u200bdes Hauses, Sp\u00fclmaschine. Vor dem Haus befindet sich ein Grill, der kostenlos genutzt werden kann.<\/p>\n","protected":false},"featured_media":39795,"template":"","meta":{"_acf_changed":false},"product_brand":[],"product_cat":[144,130,142],"product_tag":[],"class_list":{"0":"post-53213","1":"product","2":"type-product","3":"status-publish","4":"has-post-thumbnail","6":"product_cat-familien-ferienwohnung","7":"product_cat-ferienwohnungen","8":"product_cat-ferienwohnungen-mit-meerblick","10":"first","11":"instock","12":"sold-individually","13":"shipping-taxable","14":"purchasable","15":"product-type-phive_booking"},"acf":[],"_links":{"self":[{"href":"https:\/\/murter-online.com\/de\/wp-json\/wp\/v2\/product\/53213","targetHints":{"allow":["GET"]}}],"collection":[{"href":"https:\/\/murter-online.com\/de\/wp-json\/wp\/v2\/product"}],"about":[{"href":"https:\/\/murter-online.com\/de\/wp-json\/wp\/v2\/types\/product"}],"wp:featuredmedia":[{"embeddable":true,"href":"https:\/\/murter-online.com\/de\/wp-json\/wp\/v2\/media\/39795"}],"wp:attachment":[{"href":"https:\/\/murter-online.com\/de\/wp-json\/wp\/v2\/media?parent=53213"}],"wp:term":[{"taxonomy":"product_brand","embeddable":true,"href":"https:\/\/murter-online.com\/de\/wp-json\/wp\/v2\/product_brand?post=53213"},{"taxonomy":"product_cat","embeddable":true,"href":"https:\/\/murter-online.com\/de\/wp-json\/wp\/v2\/product_cat?post=53213"},{"taxonomy":"product_tag","embeddable":true,"href":"https:\/\/murter-online.com\/de\/wp-json\/wp\/v2\/product_tag?post=53213"}],"curies":[{"name":"wp","href":"https:\/\/api.w.org\/{rel}","templated":true}]}}