{"id":53498,"date":"2025-01-08T17:48:01","date_gmt":"2025-01-08T17:48:01","guid":{"rendered":"https:\/\/murter.riot.hr\/?post_type=product&#038;p=53498"},"modified":"2025-03-29T18:24:47","modified_gmt":"2025-03-29T17:24:47","slug":"familienferienhaus-in-murter-a42-id-272","status":"publish","type":"product","link":"https:\/\/murter-online.com\/de\/produkt\/familienferienhaus-in-murter-a42-id-272\/","title":{"rendered":"Ferienhaus Murter A4+2 ID 272"},"content":{"rendered":"","protected":false},"excerpt":{"rendered":"<p>Dieses h\u00fcbsche Familienferienhaus mit zwei Schlafzimmern befindet sich in einer friedlichen und ruhigen Lage in Murter. Es ist ein unabh\u00e4ngiges Geb\u00e4ude mit zwei Schlafzimmern, wo 4 Erwachsene schlafen k\u00f6nnen, es gibt ein Zustellbett (Couch) im Wohnzimmer, das zum Schlafen genutzt werden kann. Das Haus ist mit Klimaanlage, WiFi Internet, TV, Waschmaschine ausgestattet. Die K\u00fcche ist komplett ausgestattet. Der Strand Zdra\u010de in Betina ist 550 m entfernt. Der Strand ist f\u00fcr Kinder geeignet. Das Zentrum ist 250 Meter entfernt. Das Haus hat eine sch\u00f6ne eingez\u00e4unte Terrasse und einen Grill, der kostenlos genutzt werden kann. Es verf\u00fcgt \u00fcber einen \u00fcberdachten Parkplatz, der im Preis der Wohnung inbegriffen ist. Dieses Haus ist geeignet f\u00fcr Familien mit Kindern.<\/p>\n","protected":false},"featured_media":35469,"template":"","meta":{"_acf_changed":false},"product_brand":[],"product_cat":[144,148,130],"product_tag":[],"class_list":{"0":"post-53498","1":"product","2":"type-product","3":"status-publish","4":"has-post-thumbnail","6":"product_cat-familien-ferienwohnung","7":"product_cat-ferienhaus-villa","8":"product_cat-ferienwohnungen","10":"first","11":"instock","12":"sold-individually","13":"shipping-taxable","14":"purchasable","15":"product-type-phive_booking"},"acf":[],"_links":{"self":[{"href":"https:\/\/murter-online.com\/de\/wp-json\/wp\/v2\/product\/53498","targetHints":{"allow":["GET"]}}],"collection":[{"href":"https:\/\/murter-online.com\/de\/wp-json\/wp\/v2\/product"}],"about":[{"href":"https:\/\/murter-online.com\/de\/wp-json\/wp\/v2\/types\/product"}],"wp:featuredmedia":[{"embeddable":true,"href":"https:\/\/murter-online.com\/de\/wp-json\/wp\/v2\/media\/35469"}],"wp:attachment":[{"href":"https:\/\/murter-online.com\/de\/wp-json\/wp\/v2\/media?parent=53498"}],"wp:term":[{"taxonomy":"product_brand","embeddable":true,"href":"https:\/\/murter-online.com\/de\/wp-json\/wp\/v2\/product_brand?post=53498"},{"taxonomy":"product_cat","embeddable":true,"href":"https:\/\/murter-online.com\/de\/wp-json\/wp\/v2\/product_cat?post=53498"},{"taxonomy":"product_tag","embeddable":true,"href":"https:\/\/murter-online.com\/de\/wp-json\/wp\/v2\/product_tag?post=53498"}],"curies":[{"name":"wp","href":"https:\/\/api.w.org\/{rel}","templated":true}]}}