{"id":53503,"date":"2025-01-08T17:57:53","date_gmt":"2025-01-08T17:57:53","guid":{"rendered":"https:\/\/murter.riot.hr\/?post_type=product&#038;p=53503"},"modified":"2025-03-29T18:41:59","modified_gmt":"2025-03-29T17:41:59","slug":"familienferienhaus-in-der-naehe-des-strandes-slanica-a42","status":"publish","type":"product","link":"https:\/\/murter-online.com\/de\/produkt\/familienferienhaus-in-der-naehe-des-strandes-slanica-a42\/","title":{"rendered":"Ferienhaus Murter mit hund in der N\u00e4he des Strandes Slanica A4+2"},"content":{"rendered":"","protected":false},"excerpt":{"rendered":"<p>Ein wundersch\u00f6nes Familienferienhaus in der N\u00e4he des Strandes Slanica. Das Haus liegt an einem ruhigen Ort. Das Haus verf\u00fcgt \u00fcber zwei Schlafzimmer, in denen 4 Erwachsene schlafen k\u00f6nnen. Im Wohnzimmer gibt es ein Zustellbett, in dem 1 Erwachsener oder 2 Kinder schlafen k\u00f6nnen. Wenn Sie zum Strand Slanica gehen m\u00f6chten, ben\u00f6tigen Sie 4 Minuten zu Fu\u00df, wenn Sie ins Zentrum gehen m\u00f6chten, ben\u00f6tigen Sie 7-10 Minuten zu Fu\u00df. Das Haus ist komplett ausgestattet. Das Haus verf\u00fcgt \u00fcber Klimaanlage, WLAN, Wasserkocher und Kaffeemaschine. Das Haus verf\u00fcgt \u00fcber Parkpl\u00e4tze und einen Grill, der kostenlos genutzt werden kann.<\/p>\n","protected":false},"featured_media":35670,"template":"","meta":{"_acf_changed":false},"product_brand":[],"product_cat":[144,148,130],"product_tag":[],"class_list":{"0":"post-53503","1":"product","2":"type-product","3":"status-publish","4":"has-post-thumbnail","6":"product_cat-familien-ferienwohnung","7":"product_cat-ferienhaus-villa","8":"product_cat-ferienwohnungen","10":"first","11":"instock","12":"sold-individually","13":"shipping-taxable","14":"purchasable","15":"product-type-phive_booking"},"acf":[],"_links":{"self":[{"href":"https:\/\/murter-online.com\/de\/wp-json\/wp\/v2\/product\/53503","targetHints":{"allow":["GET"]}}],"collection":[{"href":"https:\/\/murter-online.com\/de\/wp-json\/wp\/v2\/product"}],"about":[{"href":"https:\/\/murter-online.com\/de\/wp-json\/wp\/v2\/types\/product"}],"wp:featuredmedia":[{"embeddable":true,"href":"https:\/\/murter-online.com\/de\/wp-json\/wp\/v2\/media\/35670"}],"wp:attachment":[{"href":"https:\/\/murter-online.com\/de\/wp-json\/wp\/v2\/media?parent=53503"}],"wp:term":[{"taxonomy":"product_brand","embeddable":true,"href":"https:\/\/murter-online.com\/de\/wp-json\/wp\/v2\/product_brand?post=53503"},{"taxonomy":"product_cat","embeddable":true,"href":"https:\/\/murter-online.com\/de\/wp-json\/wp\/v2\/product_cat?post=53503"},{"taxonomy":"product_tag","embeddable":true,"href":"https:\/\/murter-online.com\/de\/wp-json\/wp\/v2\/product_tag?post=53503"}],"curies":[{"name":"wp","href":"https:\/\/api.w.org\/{rel}","templated":true}]}}