{"id":53518,"date":"2025-01-08T19:16:26","date_gmt":"2025-01-08T19:16:26","guid":{"rendered":"https:\/\/murter.riot.hr\/?post_type=product&#038;p=53518"},"modified":"2025-02-03T12:54:50","modified_gmt":"2025-02-03T12:54:50","slug":"luxurioes-wohnung-in-murter-mit-meerblick-a42-id-287","status":"publish","type":"product","link":"https:\/\/murter-online.com\/de\/produkt\/luxurioes-wohnung-in-murter-mit-meerblick-a42-id-287\/","title":{"rendered":"Luxuri\u00f6s Wohnung in Murter mit Meerblick A4+2 ID 287"},"content":{"rendered":"","protected":false},"excerpt":{"rendered":"<p>Wohnung auf zwei Etagen in ausgezeichneter Lage! Die Wohnung besteht aus einem ger\u00e4umigen Wohnzimmer, das mit einem gro\u00dfen offenen Raum mit K\u00fcche, Esszimmer und Toilette verbunden ist. Im ersten Stock befinden sich zwei Zimmer mit einem Badezimmer. Die Wohnung verf\u00fcgt \u00fcber einen Ausgang zu einem kleinen Garten mit Tisch, St\u00fchlen und Grill, den sie mit einer anderen Wohnung teilt. Insgesamt k\u00f6nnen 6 Erwachsene in der Wohnung \u00fcbernachten. G\u00e4ste aus der Wohnung haben keinen Anspruch auf Nutzung des Pools. Der Parkplatz f\u00fcr das Auto befindet sich vor der Wohnung. Die Wohnung verf\u00fcgt \u00fcber eine Klimaanlage \u2013 3 Einheiten, WLAN, 65-Zoll-LCD-TV + PS4. In den Schlafzimmern befindet sich ein LCD-TV. Die K\u00fcche ist ausgestattet mit: Nespresso-Kaffeemaschine, Toaster, Mikrowelle, Wasserkocher, Geschirrsp\u00fcler. Die Wohnung verf\u00fcgt \u00fcber eine Waschmaschine. Babybett und Futterspender sind auf Anfrage erh\u00e4ltlich. Die Reinigungskosten betragen 60 \u20ac und sind nicht im Preis inbegriffen. Die Kurtaxe betr\u00e4gt 1,50 \u20ac und ist nicht im Preis inbegriffen. Kinder bis 12 Jahre sind von der Kurtaxe befreit, Kinder von 12 bis 18 Jahren zahlen 50 % des Preises.<\/p>\n","protected":false},"featured_media":36039,"template":"","meta":{"_acf_changed":false},"product_brand":[],"product_cat":[143],"product_tag":[],"class_list":{"0":"post-53518","1":"product","2":"type-product","3":"status-publish","4":"has-post-thumbnail","6":"product_cat-ferienwohnungen-mit-pool","8":"first","9":"instock","10":"sold-individually","11":"shipping-taxable","12":"purchasable","13":"product-type-phive_booking"},"acf":[],"_links":{"self":[{"href":"https:\/\/murter-online.com\/de\/wp-json\/wp\/v2\/product\/53518","targetHints":{"allow":["GET"]}}],"collection":[{"href":"https:\/\/murter-online.com\/de\/wp-json\/wp\/v2\/product"}],"about":[{"href":"https:\/\/murter-online.com\/de\/wp-json\/wp\/v2\/types\/product"}],"wp:featuredmedia":[{"embeddable":true,"href":"https:\/\/murter-online.com\/de\/wp-json\/wp\/v2\/media\/36039"}],"wp:attachment":[{"href":"https:\/\/murter-online.com\/de\/wp-json\/wp\/v2\/media?parent=53518"}],"wp:term":[{"taxonomy":"product_brand","embeddable":true,"href":"https:\/\/murter-online.com\/de\/wp-json\/wp\/v2\/product_brand?post=53518"},{"taxonomy":"product_cat","embeddable":true,"href":"https:\/\/murter-online.com\/de\/wp-json\/wp\/v2\/product_cat?post=53518"},{"taxonomy":"product_tag","embeddable":true,"href":"https:\/\/murter-online.com\/de\/wp-json\/wp\/v2\/product_tag?post=53518"}],"curies":[{"name":"wp","href":"https:\/\/api.w.org\/{rel}","templated":true}]}}