{"id":53522,"date":"2025-01-08T19:37:58","date_gmt":"2025-01-08T19:37:58","guid":{"rendered":"https:\/\/murter.riot.hr\/?post_type=product&#038;p=53522"},"modified":"2025-03-29T09:45:11","modified_gmt":"2025-03-29T08:45:11","slug":"mobilheim-am-strand-von-slanica-a41-id-264","status":"publish","type":"product","link":"https:\/\/murter-online.com\/de\/produkt\/mobilheim-am-strand-von-slanica-a41-id-264\/","title":{"rendered":"Mobilheime kroatien mit hund Murter strand Slanica A4+1 ID 264"},"content":{"rendered":"","protected":false},"excerpt":{"rendered":"<p>Dieses Mobilheim befindet sich in der N\u00e4he des ber\u00fchmtesten Sandstrandes von Murter, Slanica. Dieses Haus hat zwei Schlafzimmer, in denen 4 Erwachsene schlafen k\u00f6nnen, es gibt ein Zustellbett, im Wohnzimmer (Couch), das zum Schlafen genutzt werden kann. Das Haus ist mit Geschirrsp\u00fcler, Waschmaschine, Wi-Fi Internet, Wasserkocher ausgestattet. Die K\u00fcche ist komplett ausgestattet. Der Parkplatz ist im Preis der Wohnung inbegriffen. Es gibt einen Au\u00dfengrill, der kostenlos genutzt werden kann.<\/p>\n","protected":false},"featured_media":36411,"template":"","meta":{"_acf_changed":false},"product_brand":[],"product_cat":[144,142,150],"product_tag":[],"class_list":{"0":"post-53522","1":"product","2":"type-product","3":"status-publish","4":"has-post-thumbnail","6":"product_cat-familien-ferienwohnung","7":"product_cat-ferienwohnungen-mit-meerblick","8":"product_cat-mobilheim","10":"first","11":"instock","12":"sold-individually","13":"shipping-taxable","14":"purchasable","15":"product-type-phive_booking"},"acf":[],"_links":{"self":[{"href":"https:\/\/murter-online.com\/de\/wp-json\/wp\/v2\/product\/53522","targetHints":{"allow":["GET"]}}],"collection":[{"href":"https:\/\/murter-online.com\/de\/wp-json\/wp\/v2\/product"}],"about":[{"href":"https:\/\/murter-online.com\/de\/wp-json\/wp\/v2\/types\/product"}],"wp:featuredmedia":[{"embeddable":true,"href":"https:\/\/murter-online.com\/de\/wp-json\/wp\/v2\/media\/36411"}],"wp:attachment":[{"href":"https:\/\/murter-online.com\/de\/wp-json\/wp\/v2\/media?parent=53522"}],"wp:term":[{"taxonomy":"product_brand","embeddable":true,"href":"https:\/\/murter-online.com\/de\/wp-json\/wp\/v2\/product_brand?post=53522"},{"taxonomy":"product_cat","embeddable":true,"href":"https:\/\/murter-online.com\/de\/wp-json\/wp\/v2\/product_cat?post=53522"},{"taxonomy":"product_tag","embeddable":true,"href":"https:\/\/murter-online.com\/de\/wp-json\/wp\/v2\/product_tag?post=53522"}],"curies":[{"name":"wp","href":"https:\/\/api.w.org\/{rel}","templated":true}]}}