{"id":53539,"date":"2025-01-08T21:18:59","date_gmt":"2025-01-08T21:18:59","guid":{"rendered":"https:\/\/murter.riot.hr\/?post_type=product&#038;p=53539"},"modified":"2025-02-03T16:19:55","modified_gmt":"2025-02-03T16:19:55","slug":"mobiles-haus-murter-slanica-meerblick-a4-1-id-76","status":"publish","type":"product","link":"https:\/\/murter-online.com\/de\/produkt\/mobiles-haus-murter-slanica-meerblick-a4-1-id-76\/","title":{"rendered":"Mobiles Haus Murter Slanica Meerblick A4 + 1 ID 76"},"content":{"rendered":"","protected":false},"excerpt":{"rendered":"<p>Das Mobilheim liegt nur 30 m vom Meer und 200 m vom Sandstrand Slanica entfernt. Das Haus verf\u00fcgt \u00fcber zwei Schlafzimmer, eines mit einem Doppelbett (160&#215;200) und ein Zimmer mit zwei Einzelbetten (80&#215;200). Das Wohnzimmer verf\u00fcgt \u00fcber ein Ecksofa, das als Zustellbett f\u00fcr einen Erwachsenen oder zwei kleine Kinder dient. Im Wohnzimmer gibt es Sat-TV, kostenloses Internet, Klimaanlage zum K\u00fchlen und Heizen. Auf der Terrasse befindet sich ein Esstisch mit St\u00fchlen und ein Liegestuhl zum Sonnenbaden und um die sch\u00f6ne Aussicht auf den Kornati-Archipel und den Strand von Slanica zu genie\u00dfen. Der Parkplatz befindet sich in der N\u00e4he des Hauses.<\/p>\n","protected":false},"featured_media":37123,"template":"","meta":{"_acf_changed":false},"product_brand":[],"product_cat":[144,130,142,150],"product_tag":[],"class_list":{"0":"post-53539","1":"product","2":"type-product","3":"status-publish","4":"has-post-thumbnail","6":"product_cat-familien-ferienwohnung","7":"product_cat-ferienwohnungen","8":"product_cat-ferienwohnungen-mit-meerblick","9":"product_cat-mobilheim","11":"first","12":"instock","13":"sold-individually","14":"shipping-taxable","15":"purchasable","16":"product-type-phive_booking"},"acf":[],"_links":{"self":[{"href":"https:\/\/murter-online.com\/de\/wp-json\/wp\/v2\/product\/53539","targetHints":{"allow":["GET"]}}],"collection":[{"href":"https:\/\/murter-online.com\/de\/wp-json\/wp\/v2\/product"}],"about":[{"href":"https:\/\/murter-online.com\/de\/wp-json\/wp\/v2\/types\/product"}],"wp:featuredmedia":[{"embeddable":true,"href":"https:\/\/murter-online.com\/de\/wp-json\/wp\/v2\/media\/37123"}],"wp:attachment":[{"href":"https:\/\/murter-online.com\/de\/wp-json\/wp\/v2\/media?parent=53539"}],"wp:term":[{"taxonomy":"product_brand","embeddable":true,"href":"https:\/\/murter-online.com\/de\/wp-json\/wp\/v2\/product_brand?post=53539"},{"taxonomy":"product_cat","embeddable":true,"href":"https:\/\/murter-online.com\/de\/wp-json\/wp\/v2\/product_cat?post=53539"},{"taxonomy":"product_tag","embeddable":true,"href":"https:\/\/murter-online.com\/de\/wp-json\/wp\/v2\/product_tag?post=53539"}],"curies":[{"name":"wp","href":"https:\/\/api.w.org\/{rel}","templated":true}]}}