{"id":53544,"date":"2025-01-08T21:33:51","date_gmt":"2025-01-08T21:33:51","guid":{"rendered":"https:\/\/murter.riot.hr\/?post_type=product&#038;p=53544"},"modified":"2025-04-19T19:11:17","modified_gmt":"2025-04-19T18:11:17","slug":"villa-renata-murter-ferienwohnung-a4-id-17","status":"publish","type":"product","link":"https:\/\/murter-online.com\/de\/produkt\/villa-renata-murter-ferienwohnung-a4-id-17\/","title":{"rendered":"Ferienwohnung Murter mit pool in villa A4 ID 17"},"content":{"rendered":"","protected":false},"excerpt":{"rendered":"<p>Entfernung zum Meer: 200m, Entfernung zum Zentrum: 600m, Entfernung zum Strand: 200m, Anzahl der Personen: 4 Anzahl der Zimmer: 2, Anzahl der Badezimmer: 1, Fl\u00e4che: 50m2, Satellitenfernseher Klimaanlage Lage der Zimmer: Wohnzimmer und K\u00fcche sind ein Raum Schlafzimmer mit Doppelbett: 2,Badezimmer mit Dusche und WC: 1,Terrassengr\u00f6\u00dfe: 12m2 Ausstattung der Unterkunft: Klimaanlage,Satellitenfernseher,Waschmaschine, K\u00fchlschrank,Herd,Fernseher,Heizung,Radio\/CD-Player,Geschirrsp\u00fcler,Internet,Grill, Positions und Au\u00dfenbereich der Unterkunft: Meerblick, Gemeinsamer Eingang,Ersten Stock, Weitere Informationen : Anreise ab: 14sati,Abreise bis: 10sati, Haustiere nicht erlaubt,Rauchen erlaubt, Im Preis inbegriffen : Bettw\u00e4schenwechsel w\u00f6chentlich,Handt\u00fccher,Koch- und Essgeschirr,Strom-, Wasser- und Gasverbrauch,Putzmittel und Zubeh\u00f6r,Toilletenpapier (nur bei Ankunft). F\u00fcr die Endreinigung werden zus\u00e4tzlich 50,00 Euro berechnet. Die Kaution im Schadensfall betr\u00e4gt 150,00 Euro.<\/p>\n","protected":false},"featured_media":37231,"template":"","meta":{"_acf_changed":false},"product_brand":[],"product_cat":[143],"product_tag":[],"class_list":{"0":"post-53544","1":"product","2":"type-product","3":"status-publish","4":"has-post-thumbnail","6":"product_cat-ferienwohnungen-mit-pool","8":"first","9":"instock","10":"sold-individually","11":"shipping-taxable","12":"purchasable","13":"product-type-phive_booking"},"acf":[],"_links":{"self":[{"href":"https:\/\/murter-online.com\/de\/wp-json\/wp\/v2\/product\/53544","targetHints":{"allow":["GET"]}}],"collection":[{"href":"https:\/\/murter-online.com\/de\/wp-json\/wp\/v2\/product"}],"about":[{"href":"https:\/\/murter-online.com\/de\/wp-json\/wp\/v2\/types\/product"}],"wp:featuredmedia":[{"embeddable":true,"href":"https:\/\/murter-online.com\/de\/wp-json\/wp\/v2\/media\/37231"}],"wp:attachment":[{"href":"https:\/\/murter-online.com\/de\/wp-json\/wp\/v2\/media?parent=53544"}],"wp:term":[{"taxonomy":"product_brand","embeddable":true,"href":"https:\/\/murter-online.com\/de\/wp-json\/wp\/v2\/product_brand?post=53544"},{"taxonomy":"product_cat","embeddable":true,"href":"https:\/\/murter-online.com\/de\/wp-json\/wp\/v2\/product_cat?post=53544"},{"taxonomy":"product_tag","embeddable":true,"href":"https:\/\/murter-online.com\/de\/wp-json\/wp\/v2\/product_tag?post=53544"}],"curies":[{"name":"wp","href":"https:\/\/api.w.org\/{rel}","templated":true}]}}