{"id":53701,"date":"2025-01-06T14:51:23","date_gmt":"2025-01-06T14:51:23","guid":{"rendered":"https:\/\/murter.riot.hr\/?post_type=product&#038;p=53701"},"modified":"2025-03-28T11:59:39","modified_gmt":"2025-03-28T10:59:39","slug":"fischerhaus-kornati-bucht-koromasna-a43","status":"publish","type":"product","link":"https:\/\/murter-online.com\/de\/produkt\/fischerhaus-kornati-bucht-koromasna-a43\/","title":{"rendered":"Ferienwohnung fischerhaus Kornati &#8211; Bucht Koroma\u0161na A4+3"},"content":{"rendered":"","protected":false},"excerpt":{"rendered":"<p>Das Fischerhaus befindet sich auf der Insel Kornat in der Bucht von Koroma\u0161na. Das Haus hat zwei Schlafzimmer mit einem Doppelbett und zwei weiteren Einzelbetten in jedem Zimmer. Das Haus verf\u00fcgt \u00fcber ein Wohnzimmer, das zum Schlafen genutzt werden kann. Das Haus ist mit K\u00fchlschrank, Herd, Koch- und Essgeschirr ausgestattet. Das Haus verf\u00fcgt \u00fcber ein Badezimmer mit Dusche und WC. Art der Beleuchtung &#8211; Solarenergie, Strom ist 12V. Das Haus befindet sich im Erdgeschoss. Das Haus ist 150 Meter vom Meer entfernt. Das Haus verf\u00fcgt \u00fcber einen eigenen Liegeplatz, der kostenlos genutzt werden kann. Haustiere sind gegen Aufpreis erlaubt. Parkpl\u00e4tze stehen auf der Insel Murter kostenfrei zur Verf\u00fcgung. Es gibt einen Au\u00dfengrill, der kostenlos genutzt werden kann. Das Wasser kommt aus der Zisterne. Der Transfer von Murter kostet 100 Euro.<\/p>\n","protected":false},"featured_media":32062,"template":"","meta":{"_acf_changed":false},"product_brand":[],"product_cat":[149],"product_tag":[],"class_list":{"0":"post-53701","1":"product","2":"type-product","3":"status-publish","4":"has-post-thumbnail","6":"product_cat-fischerhaus-robinson","8":"first","9":"instock","10":"sold-individually","11":"shipping-taxable","12":"purchasable","13":"product-type-phive_booking"},"acf":[],"_links":{"self":[{"href":"https:\/\/murter-online.com\/de\/wp-json\/wp\/v2\/product\/53701","targetHints":{"allow":["GET"]}}],"collection":[{"href":"https:\/\/murter-online.com\/de\/wp-json\/wp\/v2\/product"}],"about":[{"href":"https:\/\/murter-online.com\/de\/wp-json\/wp\/v2\/types\/product"}],"wp:featuredmedia":[{"embeddable":true,"href":"https:\/\/murter-online.com\/de\/wp-json\/wp\/v2\/media\/32062"}],"wp:attachment":[{"href":"https:\/\/murter-online.com\/de\/wp-json\/wp\/v2\/media?parent=53701"}],"wp:term":[{"taxonomy":"product_brand","embeddable":true,"href":"https:\/\/murter-online.com\/de\/wp-json\/wp\/v2\/product_brand?post=53701"},{"taxonomy":"product_cat","embeddable":true,"href":"https:\/\/murter-online.com\/de\/wp-json\/wp\/v2\/product_cat?post=53701"},{"taxonomy":"product_tag","embeddable":true,"href":"https:\/\/murter-online.com\/de\/wp-json\/wp\/v2\/product_tag?post=53701"}],"curies":[{"name":"wp","href":"https:\/\/api.w.org\/{rel}","templated":true}]}}